{"id":5867,"date":"2022-02-22T08:37:49","date_gmt":"2022-02-22T08:37:49","guid":{"rendered":"https:\/\/a43.pt\/about-us-2\/"},"modified":"2024-02-28T11:45:51","modified_gmt":"2024-02-28T11:45:51","slug":"about-us-2","status":"publish","type":"page","link":"https:\/\/a43.pt\/pt-pt\/about-us-2\/","title":{"rendered":"about us"},"content":{"rendered":"<p>[vc_row content_placement=&#8221;top&#8221; css=&#8221;.vc_custom_1526906707598{padding-top: 25px !important;padding-bottom: 50px !important;}&#8221;][vc_column width=&#8221;1\/2&#8243; reveal_effect=&#8221;fadeIn&#8221; reveal_duration=&#8221;0.7&#8243;][vc_column_text el_class=&#8221;page-title-size&#8221; css=&#8221;.vc_custom_1623248821574{margin-bottom: 15px !important;}&#8221;]<\/p>\n<h1>Sobre N\u00f3s<\/h1>\n<p>[\/vc_column_text][\/vc_column][vc_column width=&#8221;1\/2&#8243;][vc_column_text css=&#8221;.vc_custom_1623230182085{margin-bottom: 0px !important;}&#8221;]Fundada em 2002, A43 \u00e9 um atelier de arquitetura multidisciplinar.<\/p>\n<p>Trabalhar a ess\u00eancia da arquitetura&#8230; pessoas.[\/vc_column_text][\/vc_column][\/vc_row][vc_row][vc_column][vc_single_image image=&#8221;6106&#8243; img_size=&#8221;1000&#215;1000&#8243; css=&#8221;.vc_custom_1709120742320{margin-bottom: 0px !important;}&#8221;][vc_row_inner][vc_column_inner][vc_column_text css=&#8221;.vc_custom_1628676769205{padding-top: 30px !important;}&#8221; el_id=&#8221;Purpose&#8221;]A A43 \u00e9 um atelier internacional de arquitetura\/design premiado, com um est\u00fadio em Portugal (Vila Nova de Gaia &#8211; Porto) a trabalhar globalmente em v\u00e1rios mercados.<\/p>\n<p>Com uma pr\u00e1tica interdisciplinar, combinamos conhecimentos especializados em arquitetura, design de interiores, arquitetura paisag\u00edstica e planeamento, com sustentabilidade integrada e design urbano.<\/p>\n<p>Centramos a nossa investiga\u00e7\u00e3o numa nova abordagem inovadora da arquitetura, combinando ci\u00eancia e arte numa tentativa de compreender a rela\u00e7\u00e3o entre o ambiente\/espa\u00e7o, as pessoas e a sua perce\u00e7\u00e3o.<\/p>\n<p>\u200b<strong>Fazemos a uni\u00e3o entre arquitetura e as emo\u00e7\u00f5es!<\/strong>[\/vc_column_text][\/vc_column_inner][vc_column_inner][vc_column_text]<\/p>\n<h1>O Nosso Objetivo<\/h1>\n<p>[\/vc_column_text][vc_column_text]Determinada e empenhada nas boas ideias, unindo a Natureza e o Ser Humano, a A43 procura atrav\u00e9s da arquitetura, apreender e inspirar a vida atual, atrav\u00e9s da intemporalidade espacial.<\/p>\n<p>A vis\u00e3o da A43 centra-se em quatro elementos-chave:[\/vc_column_text][\/vc_column_inner][\/vc_row_inner][\/vc_column][\/vc_row][vc_row parallax_enable=&#8221;yes&#8221; parallax_ratio=&#8221;0.7&#8243; css=&#8221;.vc_custom_1526982545668{margin-bottom: 0px !important;border-bottom-width: 1px !important;border-bottom-color: #eeeeee !important;border-bottom-style: solid !important;}&#8221; el_class=&#8221;services-row&#8221;][vc_column width=&#8221;1\/2&#8243; reveal_effect=&#8221;fadeIn&#8221; reveal_duration=&#8221;1&#8243; offset=&#8221;vc_col-xs-12&#8243; css=&#8221;.vc_custom_1526912058775{padding-top: 0px !important;}&#8221;][vc_column_text css=&#8221;.vc_custom_1627394094079{margin-bottom: 15px !important;}&#8221;]<\/p>\n<h3>Processo<\/h3>\n<p>[\/vc_column_text][\/vc_column][vc_column width=&#8221;1\/2&#8243; reveal_effect=&#8221;fadeIn&#8221; reveal_duration=&#8221;1&#8243; css=&#8221;.vc_custom_1526912063220{padding-top: 0px !important;}&#8221;][vc_column_text css=&#8221;.vc_custom_1627394047500{margin-bottom: 0px !important;}&#8221;]O desenvolvimento de um projeto foca-se num compromisso dedicado a um forte processo de design. Sendo que existem tr\u00eas elementos interdependentes &#8211; descoberta, design e entrega &#8211; que trabalham em harmonia para produzir resultados.[\/vc_column_text][\/vc_column][\/vc_row][vc_row parallax_enable=&#8221;yes&#8221; parallax_ratio=&#8221;0.7&#8243; css=&#8221;.vc_custom_1526982545668{margin-bottom: 0px !important;border-bottom-width: 1px !important;border-bottom-color: #eeeeee !important;border-bottom-style: solid !important;}&#8221; el_class=&#8221;services-row&#8221;][vc_column width=&#8221;1\/2&#8243; reveal_effect=&#8221;fadeIn&#8221; reveal_duration=&#8221;1&#8243; offset=&#8221;vc_col-xs-12&#8243; css=&#8221;.vc_custom_1526912058775{padding-top: 0px !important;}&#8221;][vc_column_text css=&#8221;.vc_custom_1627394164598{margin-bottom: 15px !important;}&#8221;]<\/p>\n<h3>Investiga\u00e7\u00e3o e descoberta<\/h3>\n<p>[\/vc_column_text][\/vc_column][vc_column width=&#8221;1\/2&#8243; reveal_effect=&#8221;fadeIn&#8221; reveal_duration=&#8221;1&#8243; css=&#8221;.vc_custom_1526912063220{padding-top: 0px !important;}&#8221;][vc_column_text css=&#8221;.vc_custom_1627394250034{margin-bottom: 0px !important;}&#8221;]Estes s\u00e3o os elementos mais importantes no desenvolvimento de um processo e, devemos primeiro analisar as expectativas dos clientes, a revis\u00e3o do programa, a an\u00e1lise do local, e as considera\u00e7\u00f5es de contexto, criando assim uma avalia\u00e7\u00e3o cred\u00edvel do desenho e processos do projeto. E \u00e9 atrav\u00e9s deste trabalho interdisciplinar, que parte da nossa experi\u00eancia, que estes pressupostos constituem o centro de novas ideias, novos argumentos, e novas solu\u00e7\u00f5es.[\/vc_column_text][\/vc_column][\/vc_row][vc_row parallax_enable=&#8221;yes&#8221; parallax_ratio=&#8221;0.7&#8243; css=&#8221;.vc_custom_1526982545668{margin-bottom: 0px !important;border-bottom-width: 1px !important;border-bottom-color: #eeeeee !important;border-bottom-style: solid !important;}&#8221; el_class=&#8221;services-row&#8221;][vc_column width=&#8221;1\/2&#8243; reveal_effect=&#8221;fadeIn&#8221; reveal_duration=&#8221;1&#8243; offset=&#8221;vc_col-xs-12&#8243; css=&#8221;.vc_custom_1526912058775{padding-top: 0px !important;}&#8221;][vc_column_text css=&#8221;.vc_custom_1627394475545{margin-bottom: 15px !important;}&#8221;]<\/p>\n<h3>Servi\u00e7o ao cliente<\/h3>\n<p>[\/vc_column_text][\/vc_column][vc_column width=&#8221;1\/2&#8243; reveal_effect=&#8221;fadeIn&#8221; reveal_duration=&#8221;1&#8243; css=&#8221;.vc_custom_1526912063220{padding-top: 0px !important;}&#8221;][vc_column_text css=&#8221;.vc_custom_1627394517671{margin-bottom: 0px !important;}&#8221;]Os desafios dos nossos clientes s\u00e3o a raz\u00e3o da nossa exist\u00eancia. A equipa de projeto procura continuamente compreender o mundo dos nossos clientes e desenvolver solu\u00e7\u00f5es para ir ao encontro dos seus objetivos.[\/vc_column_text][\/vc_column][\/vc_row][vc_row parallax_enable=&#8221;yes&#8221; parallax_ratio=&#8221;0.7&#8243; css=&#8221;.vc_custom_1627916189223{margin-bottom: 0px !important;border-bottom-width: 1px !important;border-bottom-color: #eeeeee !important;border-bottom-style: solid !important;}&#8221; el_class=&#8221;services-row&#8221;][vc_column width=&#8221;1\/2&#8243; reveal_effect=&#8221;fadeIn&#8221; reveal_duration=&#8221;1&#8243; offset=&#8221;vc_col-xs-12&#8243; css=&#8221;.vc_custom_1526912058775{padding-top: 0px !important;}&#8221;][vc_column_text css=&#8221;.vc_custom_1627394596789{margin-bottom: 15px !important;}&#8221;]<\/p>\n<h3>Design<\/h3>\n<p>[\/vc_column_text][\/vc_column][vc_column width=&#8221;1\/2&#8243; reveal_effect=&#8221;fadeIn&#8221; reveal_duration=&#8221;1&#8243; css=&#8221;.vc_custom_1526912063220{padding-top: 0px !important;}&#8221;][vc_column_text css=&#8221;.vc_custom_1627395647085{margin-bottom: 0px !important;}&#8221;]Os edif\u00edcios bem concebidos compreendem v\u00e1rios n\u00edveis de significados diferentes. A conce\u00e7\u00e3o de um espa\u00e7o \u00e9 um poderoso catalisador para a transforma\u00e7\u00e3o empresarial, cultura e a forma como vivemos e trabalhamos hoje.<\/p>\n<p>Um bom design \u00e9 algo que revela a transforma\u00e7\u00e3o que muda a experi\u00eancia humana. Se n\u00e3o se compreender o estado emocional do ser humano dentro de um edif\u00edcio, esta transforma\u00e7\u00e3o nunca ter\u00e1 significado.<\/p>\n<p>\u200b<strong>Um bom projeto para resultar tem que ter impacto n\u00e3o s\u00f3 no pensamento e comportamento humanos, mas tamb\u00e9m em muitos outros sentidos e significados.<\/strong>[\/vc_column_text][\/vc_column][\/vc_row][vc_row parallax_enable=&#8221;yes&#8221; parallax_ratio=&#8221;0.7&#8243; css=&#8221;.vc_custom_1627916189223{margin-bottom: 0px !important;border-bottom-width: 1px !important;border-bottom-color: #eeeeee !important;border-bottom-style: solid !important;}&#8221; el_class=&#8221;services-row&#8221;][vc_column width=&#8221;1\/2&#8243; reveal_effect=&#8221;fadeIn&#8221; reveal_duration=&#8221;1&#8243; offset=&#8221;vc_col-xs-12&#8243; css=&#8221;.vc_custom_1526912058775{padding-top: 0px !important;}&#8221;][vc_column_text css=&#8221;.vc_custom_1627981011191{margin-bottom: 15px !important;}&#8221;]<\/p>\n<h3>Design Sustent\u00e1vel<\/h3>\n<p>[\/vc_column_text][\/vc_column][vc_column width=&#8221;1\/2&#8243; reveal_effect=&#8221;fadeIn&#8221; reveal_duration=&#8221;1&#8243; css=&#8221;.vc_custom_1526912063220{padding-top: 0px !important;}&#8221;][vc_column_text css=&#8221;.vc_custom_1627916284243{margin-bottom: 0px !important;}&#8221;]A43 dedica-se ao desenvolvimento dos seus projetos, na constante procura de solu\u00e7\u00f5es sustent\u00e1veis que contribuam para uma evolu\u00e7\u00e3o significativa na constru\u00e7\u00e3o, na melhoria do mundo e no seu consumo de energia.[\/vc_column_text][\/vc_column][\/vc_row][vc_row parallax_enable=&#8221;yes&#8221; parallax_ratio=&#8221;0.7&#8243; css=&#8221;.vc_custom_1627916189223{margin-bottom: 0px !important;border-bottom-width: 1px !important;border-bottom-color: #eeeeee !important;border-bottom-style: solid !important;}&#8221; el_class=&#8221;services-row&#8221;][vc_column width=&#8221;1\/2&#8243; reveal_effect=&#8221;fadeIn&#8221; reveal_duration=&#8221;1&#8243; offset=&#8221;vc_col-xs-12&#8243; css=&#8221;.vc_custom_1526912058775{padding-top: 0px !important;}&#8221;][vc_column_text css=&#8221;.vc_custom_1627916337344{margin-bottom: 15px !important;}&#8221;]<\/p>\n<h3>Parcerias<\/h3>\n<p>[\/vc_column_text][\/vc_column][vc_column width=&#8221;1\/2&#8243; reveal_effect=&#8221;fadeIn&#8221; reveal_duration=&#8221;1&#8243; css=&#8221;.vc_custom_1526912063220{padding-top: 0px !important;}&#8221;][vc_column_text css=&#8221;.vc_custom_1627916386746{margin-bottom: 0px !important;}&#8221;]Atrav\u00e9s de parcerias, alcan\u00e7amos um processo de conce\u00e7\u00e3o mais sustent\u00e1vel nos sectores de mercado que servimos e nas cidades onde vivemos e onde trabalhamos.[\/vc_column_text][\/vc_column][\/vc_row][vc_row parallax_enable=&#8221;yes&#8221; parallax_ratio=&#8221;0.7&#8243; css=&#8221;.vc_custom_1627394626078{margin-bottom: 0px !important;border-bottom-width: 1px !important;border-bottom-color: #ffffff !important;border-bottom-style: solid !important;}&#8221; el_class=&#8221;services-row&#8221;][vc_column width=&#8221;1\/2&#8243; reveal_effect=&#8221;fadeIn&#8221; reveal_duration=&#8221;1&#8243; offset=&#8221;vc_col-xs-12&#8243; css=&#8221;.vc_custom_1526912058775{padding-top: 0px !important;}&#8221;][vc_column_text css=&#8221;.vc_custom_1627916433045{margin-bottom: 15px !important;}&#8221;]<\/p>\n<h3>Comunidade<\/h3>\n<p>[\/vc_column_text][\/vc_column][vc_column width=&#8221;1\/2&#8243; reveal_effect=&#8221;fadeIn&#8221; reveal_duration=&#8221;1&#8243; css=&#8221;.vc_custom_1526912063220{padding-top: 0px !important;}&#8221;][vc_column_text css=&#8221;.vc_custom_1627916741096{margin-bottom: 0px !important;}&#8221;]A A43 procura sempre oportunidades de contribuir positivamente na comunidade onde os projetos ir\u00e3o ser desenvolvidos ou onde opera, atrav\u00e9s da consulta das pequenas empresas que podem participar na constru\u00e7\u00e3o.[\/vc_column_text][\/vc_column][\/vc_row][vc_row full_width=&#8221;stretch_row&#8221; css=&#8221;.vc_custom_1526907722484{background-color: #e6e7e8 !important;}&#8221; el_class=&#8221;studio-awards&#8221;][vc_column width=&#8221;1\/3&#8243; css=&#8221;.vc_custom_1526908080546{padding-top: 0px !important;}&#8221;][vc_column_text]<\/p>\n<h1>As Nossas Conquistas<\/h1>\n<p>[\/vc_column_text][\/vc_column][vc_column width=&#8221;1\/3&#8243; css=&#8221;.vc_custom_1626444573629{margin-right: 25px !important;padding-top: 0px !important;}&#8221;][vc_column_text css=&#8221;.vc_custom_1626444536557{margin-bottom: 0px !important;}&#8221;]<\/p>\n<h4>Miami Architecture Biennial<\/h4>\n<p>Novembro 2009<\/p>\n<h4><\/h4>\n<h4><\/h4>\n<h4>3\u00aa Exposi\u00e7\u00e3o da gera\u00e7\u00e3o &#8220;Awarded Young Architects&#8221;<\/h4>\n<p>Novembro 2010<\/p>\n<h4><\/h4>\n<h4><\/h4>\n<h4><span class=\"TextRun MacChromeBold BCX0 SCXW20483139\" lang=\"EN-GB\" xml:lang=\"EN-GB\" data-contrast=\"none\"><span class=\"NormalTextRun BCX0 SCXW20483139\">Denver Architectural League (Men\u00e7\u00e3o honrosa)<\/span><\/span><\/h4>\n<p><span class=\"TextRun MacChromeBold SCXW197236355 BCX0\" lang=\"EN-GB\" xml:lang=\"EN-GB\" data-contrast=\"none\"><span class=\"NormalTextRun SCXW197236355 BCX0\">Julho 2013<\/span><\/span> [\/vc_column_text][\/vc_column][vc_column width=&#8221;1\/3&#8243; css=&#8221;.vc_custom_1526908088352{padding-top: 0px !important;}&#8221;][vc_column_text css=&#8221;.vc_custom_1626444381277{margin-bottom: 0px !important;}&#8221; el_class=&#8221;awards-and-press-column&#8221;]<\/p>\n<h4><span class=\"SpellingError BCX0 SCXW175893016\">Architecture<\/span> <span class=\"SpellingError BCX0 SCXW175893016\">Aluminum<\/span> <span class=\"SpellingError BCX0 SCXW175893016\">Technal<\/span><\/h4>\n<p><span class=\"EOP SCXW151567807 BCX0\" data-ccp-props=\"{\">Dezembro 2013 <\/span>[\/vc_column_text][\/vc_column][\/vc_row]<\/p>\n","protected":false},"excerpt":{"rendered":"<p>[vc_row content_placement=&#8221;top&#8221; css=&#8221;.vc_custom_1526906707598{padding-top: 25px !important;padding-bottom: 50px !important;}&#8221;][vc_column width=&#8221;1\/2&#8243; reveal_effect=&#8221;fadeIn&#8221; reveal_duration=&#8221;0.7&#8243;][vc_column_text el_class=&#8221;page-title-size&#8221; css=&#8221;.vc_custom_1623248821574{margin-bottom: 15px !important;}&#8221;] Sobre N\u00f3s [\/vc_column_text][\/vc_column][vc_column width=&#8221;1\/2&#8243;][vc_column_text css=&#8221;.vc_custom_1623230182085{margin-bottom: 0px !important;}&#8221;]Fundada em 2002, A43 \u00e9 um atelier de arquitetura multidisciplinar. Trabalhar a ess\u00eancia da arquitetura&#8230; pessoas.[\/vc_column_text][\/vc_column][\/vc_row][vc_row][vc_column][vc_single_image image=&#8221;6106&#8243; img_size=&#8221;1000&#215;1000&#8243; css=&#8221;.vc_custom_1709120742320{margin-bottom: 0px !important;}&#8221;][vc_row_inner][vc_column_inner][vc_column_text css=&#8221;.vc_custom_1628676769205{padding-top: 30px !important;}&#8221; el_id=&#8221;Purpose&#8221;]A A43 \u00e9 um atelier internacional de arquitetura\/design premiado, com um&hellip;<\/p>\n","protected":false},"author":10,"featured_media":5701,"parent":0,"menu_order":0,"comment_status":"open","ping_status":"closed","template":"","meta":{"footnotes":""},"class_list":["post-5867","page","type-page","status-publish","has-post-thumbnail","hentry"],"yoast_head":"<!-- This site is optimized with the Yoast SEO plugin v27.2 - https:\/\/yoast.com\/product\/yoast-seo-wordpress\/ -->\n<title>about us - A43<\/title>\n<meta name=\"robots\" content=\"index, follow, max-snippet:-1, max-image-preview:large, max-video-preview:-1\" \/>\n<link rel=\"canonical\" href=\"https:\/\/a43.pt\/pt-pt\/about-us-2\/\" \/>\n<meta property=\"og:locale\" content=\"pt_PT\" \/>\n<meta property=\"og:type\" content=\"article\" \/>\n<meta property=\"og:title\" content=\"about us - A43\" \/>\n<meta property=\"og:description\" content=\"[vc_row content_placement=&#8221;top&#8221; css=&#8221;.vc_custom_1526906707598{padding-top: 25px !important;padding-bottom: 50px !important;}&#8221;][vc_column width=&#8221;1\/2&#8243; reveal_effect=&#8221;fadeIn&#8221; reveal_duration=&#8221;0.7&#8243;][vc_column_text el_class=&#8221;page-title-size&#8221; css=&#8221;.vc_custom_1623248821574{margin-bottom: 15px !important;}&#8221;] Sobre N\u00f3s [\/vc_column_text][\/vc_column][vc_column width=&#8221;1\/2&#8243;][vc_column_text css=&#8221;.vc_custom_1623230182085{margin-bottom: 0px !important;}&#8221;]Fundada em 2002, A43 \u00e9 um atelier de arquitetura multidisciplinar. Trabalhar a ess\u00eancia da arquitetura&#8230; pessoas.[\/vc_column_text][\/vc_column][\/vc_row][vc_row][vc_column][vc_single_image image=&#8221;6106&#8243; img_size=&#8221;1000&#215;1000&#8243; css=&#8221;.vc_custom_1709120742320{margin-bottom: 0px !important;}&#8221;][vc_row_inner][vc_column_inner][vc_column_text css=&#8221;.vc_custom_1628676769205{padding-top: 30px !important;}&#8221; el_id=&#8221;Purpose&#8221;]A A43 \u00e9 um atelier internacional de arquitetura\/design premiado, com um&hellip;\" \/>\n<meta property=\"og:url\" content=\"https:\/\/a43.pt\/pt-pt\/about-us-2\/\" \/>\n<meta property=\"og:site_name\" content=\"A43\" \/>\n<meta property=\"article:publisher\" content=\"https:\/\/www.facebook.com\/a43.pt\" \/>\n<meta property=\"article:modified_time\" content=\"2024-02-28T11:45:51+00:00\" \/>\n<meta property=\"og:image\" content=\"http:\/\/a43.pt\/wp-content\/uploads\/2021\/06\/about_us.jpg\" \/>\n\t<meta property=\"og:image:width\" content=\"1000\" \/>\n\t<meta property=\"og:image:height\" content=\"1000\" \/>\n\t<meta property=\"og:image:type\" content=\"image\/jpeg\" \/>\n<meta name=\"twitter:card\" content=\"summary_large_image\" \/>\n<meta name=\"twitter:label1\" content=\"Tempo estimado de leitura\" \/>\n\t<meta name=\"twitter:data1\" content=\"7 minutos\" \/>\n<script type=\"application\/ld+json\" class=\"yoast-schema-graph\">{\"@context\":\"https:\/\/schema.org\",\"@graph\":[{\"@type\":\"WebPage\",\"@id\":\"https:\/\/a43.pt\/pt-pt\/about-us-2\/\",\"url\":\"https:\/\/a43.pt\/pt-pt\/about-us-2\/\",\"name\":\"about us - A43\",\"isPartOf\":{\"@id\":\"https:\/\/a43.pt\/#website\"},\"primaryImageOfPage\":{\"@id\":\"https:\/\/a43.pt\/pt-pt\/about-us-2\/#primaryimage\"},\"image\":{\"@id\":\"https:\/\/a43.pt\/pt-pt\/about-us-2\/#primaryimage\"},\"thumbnailUrl\":\"https:\/\/a43.pt\/wp-content\/uploads\/2021\/06\/about_us.jpg\",\"datePublished\":\"2022-02-22T08:37:49+00:00\",\"dateModified\":\"2024-02-28T11:45:51+00:00\",\"breadcrumb\":{\"@id\":\"https:\/\/a43.pt\/pt-pt\/about-us-2\/#breadcrumb\"},\"inLanguage\":\"pt-PT\",\"potentialAction\":[{\"@type\":\"ReadAction\",\"target\":[\"https:\/\/a43.pt\/pt-pt\/about-us-2\/\"]}]},{\"@type\":\"ImageObject\",\"inLanguage\":\"pt-PT\",\"@id\":\"https:\/\/a43.pt\/pt-pt\/about-us-2\/#primaryimage\",\"url\":\"https:\/\/a43.pt\/wp-content\/uploads\/2021\/06\/about_us.jpg\",\"contentUrl\":\"https:\/\/a43.pt\/wp-content\/uploads\/2021\/06\/about_us.jpg\",\"width\":1000,\"height\":1000},{\"@type\":\"BreadcrumbList\",\"@id\":\"https:\/\/a43.pt\/pt-pt\/about-us-2\/#breadcrumb\",\"itemListElement\":[{\"@type\":\"ListItem\",\"position\":1,\"name\":\"Home\",\"item\":\"https:\/\/a43.pt\/\"},{\"@type\":\"ListItem\",\"position\":2,\"name\":\"about us\"}]},{\"@type\":\"WebSite\",\"@id\":\"https:\/\/a43.pt\/#website\",\"url\":\"https:\/\/a43.pt\/\",\"name\":\"A43\",\"description\":\"We believe in Architecture and we are passioned by the human behavior in it!\",\"publisher\":{\"@id\":\"https:\/\/a43.pt\/#organization\"},\"potentialAction\":[{\"@type\":\"SearchAction\",\"target\":{\"@type\":\"EntryPoint\",\"urlTemplate\":\"https:\/\/a43.pt\/?s={search_term_string}\"},\"query-input\":{\"@type\":\"PropertyValueSpecification\",\"valueRequired\":true,\"valueName\":\"search_term_string\"}}],\"inLanguage\":\"pt-PT\"},{\"@type\":\"Organization\",\"@id\":\"https:\/\/a43.pt\/#organization\",\"name\":\"A43\",\"url\":\"https:\/\/a43.pt\/\",\"logo\":{\"@type\":\"ImageObject\",\"inLanguage\":\"pt-PT\",\"@id\":\"https:\/\/a43.pt\/#\/schema\/logo\/image\/\",\"url\":\"http:\/\/a43.pt\/wp-content\/uploads\/2022\/03\/Logo-pretosem-fundo.png\",\"contentUrl\":\"http:\/\/a43.pt\/wp-content\/uploads\/2022\/03\/Logo-pretosem-fundo.png\",\"width\":340,\"height\":149,\"caption\":\"A43\"},\"image\":{\"@id\":\"https:\/\/a43.pt\/#\/schema\/logo\/image\/\"},\"sameAs\":[\"https:\/\/www.facebook.com\/a43.pt\",\"https:\/\/www.instagram.com\/a43_architecture\/\",\"https:\/\/www.linkedin.com\/company\/a43\/\",\"https:\/\/www.youtube.com\/channel\/UCVBugiOuxLz5qkZaqMfe7_w\"]}]}<\/script>\n<!-- \/ Yoast SEO plugin. -->","yoast_head_json":{"title":"about us - A43","robots":{"index":"index","follow":"follow","max-snippet":"max-snippet:-1","max-image-preview":"max-image-preview:large","max-video-preview":"max-video-preview:-1"},"canonical":"https:\/\/a43.pt\/pt-pt\/about-us-2\/","og_locale":"pt_PT","og_type":"article","og_title":"about us - A43","og_description":"[vc_row content_placement=&#8221;top&#8221; css=&#8221;.vc_custom_1526906707598{padding-top: 25px !important;padding-bottom: 50px !important;}&#8221;][vc_column width=&#8221;1\/2&#8243; reveal_effect=&#8221;fadeIn&#8221; reveal_duration=&#8221;0.7&#8243;][vc_column_text el_class=&#8221;page-title-size&#8221; css=&#8221;.vc_custom_1623248821574{margin-bottom: 15px !important;}&#8221;] Sobre N\u00f3s [\/vc_column_text][\/vc_column][vc_column width=&#8221;1\/2&#8243;][vc_column_text css=&#8221;.vc_custom_1623230182085{margin-bottom: 0px !important;}&#8221;]Fundada em 2002, A43 \u00e9 um atelier de arquitetura multidisciplinar. Trabalhar a ess\u00eancia da arquitetura&#8230; pessoas.[\/vc_column_text][\/vc_column][\/vc_row][vc_row][vc_column][vc_single_image image=&#8221;6106&#8243; img_size=&#8221;1000&#215;1000&#8243; css=&#8221;.vc_custom_1709120742320{margin-bottom: 0px !important;}&#8221;][vc_row_inner][vc_column_inner][vc_column_text css=&#8221;.vc_custom_1628676769205{padding-top: 30px !important;}&#8221; el_id=&#8221;Purpose&#8221;]A A43 \u00e9 um atelier internacional de arquitetura\/design premiado, com um&hellip;","og_url":"https:\/\/a43.pt\/pt-pt\/about-us-2\/","og_site_name":"A43","article_publisher":"https:\/\/www.facebook.com\/a43.pt","article_modified_time":"2024-02-28T11:45:51+00:00","og_image":[{"width":1000,"height":1000,"url":"http:\/\/a43.pt\/wp-content\/uploads\/2021\/06\/about_us.jpg","type":"image\/jpeg"}],"twitter_card":"summary_large_image","twitter_misc":{"Tempo estimado de leitura":"7 minutos"},"schema":{"@context":"https:\/\/schema.org","@graph":[{"@type":"WebPage","@id":"https:\/\/a43.pt\/pt-pt\/about-us-2\/","url":"https:\/\/a43.pt\/pt-pt\/about-us-2\/","name":"about us - A43","isPartOf":{"@id":"https:\/\/a43.pt\/#website"},"primaryImageOfPage":{"@id":"https:\/\/a43.pt\/pt-pt\/about-us-2\/#primaryimage"},"image":{"@id":"https:\/\/a43.pt\/pt-pt\/about-us-2\/#primaryimage"},"thumbnailUrl":"https:\/\/a43.pt\/wp-content\/uploads\/2021\/06\/about_us.jpg","datePublished":"2022-02-22T08:37:49+00:00","dateModified":"2024-02-28T11:45:51+00:00","breadcrumb":{"@id":"https:\/\/a43.pt\/pt-pt\/about-us-2\/#breadcrumb"},"inLanguage":"pt-PT","potentialAction":[{"@type":"ReadAction","target":["https:\/\/a43.pt\/pt-pt\/about-us-2\/"]}]},{"@type":"ImageObject","inLanguage":"pt-PT","@id":"https:\/\/a43.pt\/pt-pt\/about-us-2\/#primaryimage","url":"https:\/\/a43.pt\/wp-content\/uploads\/2021\/06\/about_us.jpg","contentUrl":"https:\/\/a43.pt\/wp-content\/uploads\/2021\/06\/about_us.jpg","width":1000,"height":1000},{"@type":"BreadcrumbList","@id":"https:\/\/a43.pt\/pt-pt\/about-us-2\/#breadcrumb","itemListElement":[{"@type":"ListItem","position":1,"name":"Home","item":"https:\/\/a43.pt\/"},{"@type":"ListItem","position":2,"name":"about us"}]},{"@type":"WebSite","@id":"https:\/\/a43.pt\/#website","url":"https:\/\/a43.pt\/","name":"A43","description":"We believe in Architecture and we are passioned by the human behavior in it!","publisher":{"@id":"https:\/\/a43.pt\/#organization"},"potentialAction":[{"@type":"SearchAction","target":{"@type":"EntryPoint","urlTemplate":"https:\/\/a43.pt\/?s={search_term_string}"},"query-input":{"@type":"PropertyValueSpecification","valueRequired":true,"valueName":"search_term_string"}}],"inLanguage":"pt-PT"},{"@type":"Organization","@id":"https:\/\/a43.pt\/#organization","name":"A43","url":"https:\/\/a43.pt\/","logo":{"@type":"ImageObject","inLanguage":"pt-PT","@id":"https:\/\/a43.pt\/#\/schema\/logo\/image\/","url":"http:\/\/a43.pt\/wp-content\/uploads\/2022\/03\/Logo-pretosem-fundo.png","contentUrl":"http:\/\/a43.pt\/wp-content\/uploads\/2022\/03\/Logo-pretosem-fundo.png","width":340,"height":149,"caption":"A43"},"image":{"@id":"https:\/\/a43.pt\/#\/schema\/logo\/image\/"},"sameAs":["https:\/\/www.facebook.com\/a43.pt","https:\/\/www.instagram.com\/a43_architecture\/","https:\/\/www.linkedin.com\/company\/a43\/","https:\/\/www.youtube.com\/channel\/UCVBugiOuxLz5qkZaqMfe7_w"]}]}},"acf":[],"_links":{"self":[{"href":"https:\/\/a43.pt\/pt-pt\/wp-json\/wp\/v2\/pages\/5867","targetHints":{"allow":["GET"]}}],"collection":[{"href":"https:\/\/a43.pt\/pt-pt\/wp-json\/wp\/v2\/pages"}],"about":[{"href":"https:\/\/a43.pt\/pt-pt\/wp-json\/wp\/v2\/types\/page"}],"author":[{"embeddable":true,"href":"https:\/\/a43.pt\/pt-pt\/wp-json\/wp\/v2\/users\/10"}],"replies":[{"embeddable":true,"href":"https:\/\/a43.pt\/pt-pt\/wp-json\/wp\/v2\/comments?post=5867"}],"version-history":[{"count":6,"href":"https:\/\/a43.pt\/pt-pt\/wp-json\/wp\/v2\/pages\/5867\/revisions"}],"predecessor-version":[{"id":6446,"href":"https:\/\/a43.pt\/pt-pt\/wp-json\/wp\/v2\/pages\/5867\/revisions\/6446"}],"wp:featuredmedia":[{"embeddable":true,"href":"https:\/\/a43.pt\/pt-pt\/wp-json\/wp\/v2\/media\/5701"}],"wp:attachment":[{"href":"https:\/\/a43.pt\/pt-pt\/wp-json\/wp\/v2\/media?parent=5867"}],"curies":[{"name":"wp","href":"https:\/\/api.w.org\/{rel}","templated":true}]}}