{"id":5871,"date":"2022-03-02T09:25:37","date_gmt":"2022-03-02T09:25:37","guid":{"rendered":"https:\/\/a43.pt\/oportunidades-de-carreira\/"},"modified":"2024-03-08T16:35:38","modified_gmt":"2024-03-08T16:35:38","slug":"oportunidades-de-carreira-v2","status":"publish","type":"page","link":"https:\/\/a43.pt\/pt-pt\/oportunidades-de-carreira-v2\/","title":{"rendered":"Oportunidades de carreira"},"content":{"rendered":"<p>[vc_row full_width=&#8221;stretch_row&#8221; full_height=&#8221;yes&#8221; parallax=&#8221;content-moving&#8221; parallax_image=&#8221;5019&#8243; css=&#8221;.vc_custom_1646218428878{border-bottom-width: 25px !important;padding-top: 400px !important;padding-bottom: 400px !important;}&#8221;][vc_column][vc_custom_heading text=&#8221;Junta-te \u00e0 Equipa da A43&#8243; font_container=&#8221;tag:h2|font_size:75|text_align:center|color:%23ffffff&#8221; use_theme_fonts=&#8221;yes&#8221;][vc_btn title=&#8221;Ofertas de emprego&#8221; color=&#8221;white&#8221; align=&#8221;center&#8221; link=&#8221;url:https%3A%2F%2Fa43.pt%2Fpt-pt%2Foportunidades-de-carreira-v2%2F%23carrer|&#8221;][\/vc_column][\/vc_row][vc_row css=&#8221;.vc_custom_1646215916172{padding-top: 100px !important;}&#8221;][vc_column width=&#8221;1\/2&#8243;][vc_column_text el_class=&#8221;page-title-size&#8221;]<\/p>\n<h2><span data-slate-node=\"text\">Junta-te \u00e0 fam\u00edlia<\/span><\/h2>\n<p>[\/vc_column_text][vc_column_text]<\/p>\n<p style=\"text-align: left;\">Junt\u00e1mo-nos a partir de muitas experi\u00eancias diferentes, unidos pela paix\u00e3o de trabalhar criticamente &#8211; e com curiosidade, integridade e camaradagem.<\/p>\n<p style=\"text-align: left;\">O objectivo: conceber solu\u00e7\u00f5es elegantes, eficazes e ambientalmente sens\u00edveis para um leque intencionalmente alargado de clientes.<\/p>\n<p style=\"text-align: left;\">Junt\u00e1mo-nos a partir de muitas experi\u00eancias diferentes, unidos pela paix\u00e3o de trabalhar criticamente &#8211; e com curiosidade, integridade e camaradagem.<\/p>\n<p style=\"text-align: left;\">O objectivo: conceber solu\u00e7\u00f5es elegantes, eficazes e ambientalmente sens\u00edveis para um leque intencionalmente alargado de clientes.<\/p>\n<p>[\/vc_column_text][\/vc_column][vc_column width=&#8221;1\/2&#8243;][vc_single_image image=&#8221;4976&#8243; img_size=&#8221;800&#215;600&#8243;][\/vc_column][\/vc_row][vc_row full_width=&#8221;stretch_row&#8221; css=&#8221;.vc_custom_1646216987095{padding-top: 100px !important;padding-bottom: 20px !important;background-color: #ffffff !important;}&#8221; el_class=&#8221;homepage-news&#8221;][vc_column css=&#8221;.vc_custom_1527248930879{padding-top: 0px !important;padding-bottom: 0px !important;}&#8221;][vc_column_text el_class=&#8221;page-title-size&#8221;]<\/p>\n<h2 class=\"sc-1npqnwg-2 sc-1npqnwg-3 hQHCA-D slate-h2\" style=\"text-align: center;\" data-slate-node=\"element\"><span data-slate-node=\"text\">Porqu\u00ea juntares-te \u00e0 A43<\/span><\/h2>\n<p>[\/vc_column_text][vc_row_inner][vc_column_inner width=&#8221;1\/4&#8243;][vc_single_image image=&#8221;5488&#8243; img_size=&#8221;50&#215;50&#8243; alignment=&#8221;center&#8221;][vc_column_text]<\/p>\n<h3 class=\"elementor-image-box-title elementor-inline-editing pen\" style=\"color: #317b22; text-align: center;\" contenteditable=\"true\" data-elementor-setting-key=\"title_text\" data-elementor-inline-editing-toolbar=\"none\" data-pen-placeholder=\"Type Here...\">1\u00aa raz\u00e3o<\/h3>\n<p>[\/vc_column_text][vc_column_text]<\/p>\n<p style=\"text-align: center;\">Texto original impercet\u00edvel<\/p>\n<p>[\/vc_column_text][\/vc_column_inner][vc_column_inner width=&#8221;1\/4&#8243;][vc_single_image image=&#8221;5488&#8243; img_size=&#8221;50&#215;50&#8243; alignment=&#8221;center&#8221;][vc_column_text]<\/p>\n<h3 class=\"elementor-image-box-title elementor-inline-editing pen\" style=\"color: #317b22; text-align: center;\" contenteditable=\"true\" data-elementor-setting-key=\"title_text\" data-elementor-inline-editing-toolbar=\"none\" data-pen-placeholder=\"Type Here...\">2\u00aa raz\u00e3o<\/h3>\n<p>[\/vc_column_text][vc_column_text]<\/p>\n<p style=\"text-align: center;\">Texto original impercet\u00edvel<\/p>\n<p>[\/vc_column_text][\/vc_column_inner][vc_column_inner width=&#8221;1\/4&#8243;][vc_single_image image=&#8221;5488&#8243; img_size=&#8221;50&#215;50&#8243; alignment=&#8221;center&#8221;][vc_column_text]<\/p>\n<h3 class=\"elementor-image-box-title elementor-inline-editing pen\" style=\"color: #317b22; text-align: center;\" contenteditable=\"true\" data-elementor-setting-key=\"title_text\" data-elementor-inline-editing-toolbar=\"none\" data-pen-placeholder=\"Type Here...\">3\u00aa raz\u00e3o<\/h3>\n<p>[\/vc_column_text][vc_column_text]<\/p>\n<p style=\"text-align: center;\">Texto original impercet\u00edvel<\/p>\n<p>[\/vc_column_text][\/vc_column_inner][vc_column_inner width=&#8221;1\/4&#8243;][vc_single_image image=&#8221;5488&#8243; img_size=&#8221;50&#215;50&#8243; alignment=&#8221;center&#8221;][vc_column_text]<\/p>\n<h3 class=\"elementor-image-box-title elementor-inline-editing pen\" style=\"color: #317b22; text-align: center;\" contenteditable=\"true\" data-elementor-setting-key=\"title_text\" data-elementor-inline-editing-toolbar=\"none\" data-pen-placeholder=\"Type Here...\">4\u00aa raz\u00e3o<\/h3>\n<p>[\/vc_column_text][vc_column_text]<\/p>\n<p style=\"text-align: center;\">Texto original impercet\u00edvel<\/p>\n<p>[\/vc_column_text][\/vc_column_inner][\/vc_row_inner][\/vc_column][\/vc_row][vc_row css=&#8221;.vc_custom_1646215916172{padding-top: 100px !important;}&#8221;][vc_column width=&#8221;1\/2&#8243;][vc_single_image image=&#8221;5466&#8243; img_size=&#8221;800&#215;600&#8243;][\/vc_column][vc_column width=&#8221;1\/2&#8243;][vc_column_text el_class=&#8221;page-title-size&#8221;]<\/p>\n<h2>O que os nossos valores significam para a nossa equipa<\/h2>\n<p>[\/vc_column_text][vc_btn title=&#8221;Junta-te \u00e0 A43&#8243; link=&#8221;url:mailto%3Aa43%40a43.pt|target:_blank|&#8221;][\/vc_column][\/vc_row][vc_row content_placement=&#8221;top&#8221; css=&#8221;.vc_custom_1646219365219{margin-top: 75px !important;padding-top: 25px !important;padding-bottom: 50px !important;}&#8221; el_id=&#8221;carreira&#8221;][vc_column width=&#8221;1\/2&#8243; reveal_effect=&#8221;fadeIn&#8221; reveal_duration=&#8221;0.7&#8243;][vc_column_text el_class=&#8221;page-title-size&#8221; css=&#8221;.vc_custom_1646218527014{margin-bottom: -25px !important;}&#8221;]<\/p>\n<h1><\/h1>\n<p>&nbsp;<\/p>\n<h1><span class=\"TextRun SCXW195086928 BCX0\" lang=\"EN-GB\" xml:lang=\"EN-GB\" data-contrast=\"auto\"><span class=\"NormalTextRun SCXW195086928 BCX0\">Oportunidades de carreira<\/span><\/span><\/h1>\n<p>[\/vc_column_text][\/vc_column][\/vc_row][vc_row parallax_enable=&#8221;yes&#8221; parallax_ratio=&#8221;0.7&#8243; css=&#8221;.vc_custom_1646218786949{margin-bottom: 0px !important;border-bottom-width: 1px !important;border-bottom-color: #eeeeee !important;border-bottom-style: solid !important;}&#8221; el_class=&#8221;services-row&#8221;][vc_column width=&#8221;1\/2&#8243; reveal_effect=&#8221;fadeIn&#8221; reveal_duration=&#8221;1&#8243; offset=&#8221;vc_col-xs-12&#8243; css=&#8221;.vc_custom_1640083033849{padding-top: 0px !important;}&#8221;][vc_column_text css=&#8221;.vc_custom_1646215525853{margin-bottom: 15px !important;}&#8221;]<\/p>\n<h3>Arquiteto<\/h3>\n<p>[\/vc_column_text][\/vc_column][vc_column width=&#8221;1\/2&#8243; reveal_effect=&#8221;fadeIn&#8221; reveal_duration=&#8221;1&#8243; css=&#8221;.vc_custom_1526912063220{padding-top: 0px !important;}&#8221;][vc_btn title=&#8221;Ver Emprego&#8221; align=&#8221;right&#8221; link=&#8221;url:mailto%3Aa43%40a43.pt|title:Enviar|target:_blank|&#8221;][\/vc_column][\/vc_row][vc_row parallax_enable=&#8221;yes&#8221; parallax_ratio=&#8221;0.7&#8243; css=&#8221;.vc_custom_1646218851848{margin-bottom: 0px !important;border-bottom-width: 1px !important;padding-top: -25px !important;border-bottom-color: #eeeeee !important;border-bottom-style: solid !important;}&#8221; el_class=&#8221;services-row&#8221;][vc_column width=&#8221;1\/2&#8243; reveal_effect=&#8221;fadeIn&#8221; reveal_duration=&#8221;1&#8243; offset=&#8221;vc_col-xs-12&#8243; css=&#8221;.vc_custom_1640083033849{padding-top: 0px !important;}&#8221;][vc_column_text css=&#8221;.vc_custom_1646215382227{margin-bottom: 15px !important;}&#8221;]<\/p>\n<h3>Designer de Interiores<\/h3>\n<p>[\/vc_column_text][\/vc_column][vc_column width=&#8221;1\/2&#8243; reveal_effect=&#8221;fadeIn&#8221; reveal_duration=&#8221;1&#8243; css=&#8221;.vc_custom_1646218827986{padding-top: 0px !important;}&#8221;][vc_btn title=&#8221;Ver Emprego&#8221; align=&#8221;right&#8221; link=&#8221;url:mailto%3Aa43%40a43.pt|title:Enviar|target:_blank|&#8221;][\/vc_column][\/vc_row][vc_row parallax_enable=&#8221;yes&#8221; parallax_ratio=&#8221;0.7&#8243; css=&#8221;.vc_custom_1646218804930{margin-bottom: 0px !important;border-bottom-width: 1px !important;border-bottom-color: #eeeeee !important;border-bottom-style: solid !important;}&#8221; el_class=&#8221;services-row&#8221;][vc_column width=&#8221;1\/2&#8243; reveal_effect=&#8221;fadeIn&#8221; reveal_duration=&#8221;1&#8243; offset=&#8221;vc_col-xs-12&#8243; css=&#8221;.vc_custom_1640083033849{padding-top: 0px !important;}&#8221;][vc_column_text css=&#8221;.vc_custom_1636726971964{margin-bottom: 15px !important;}&#8221;]<\/p>\n<h3><span class=\"SpellingError BCX0 SCXW121276721\">Candidatura<\/span><span class=\"NormalTextRun BCX0 SCXW121276721\"> <\/span><span class=\"SpellingError BCX0 SCXW121276721\">Espont\u00e2nea<\/span><\/h3>\n<p>[\/vc_column_text][\/vc_column][vc_column width=&#8221;1\/2&#8243; reveal_effect=&#8221;fadeIn&#8221; reveal_duration=&#8221;1&#8243; css=&#8221;.vc_custom_1526912063220{padding-top: 0px !important;}&#8221;][vc_btn title=&#8221;Enviar Email&#8221; align=&#8221;right&#8221; link=&#8221;url:mailto%3Aa43%40a43.pt|title:Enviar|target:_blank|&#8221;][\/vc_column][\/vc_row]<\/p>\n","protected":false},"excerpt":{"rendered":"<p>[vc_row full_width=&#8221;stretch_row&#8221; full_height=&#8221;yes&#8221; parallax=&#8221;content-moving&#8221; parallax_image=&#8221;5019&#8243; css=&#8221;.vc_custom_1646218428878{border-bottom-width: 25px !important;padding-top: 400px !important;padding-bottom: 400px !important;}&#8221;][vc_column][vc_custom_heading text=&#8221;Junta-te \u00e0 Equipa da A43&#8243; font_container=&#8221;tag:h2|font_size:75|text_align:center|color:%23ffffff&#8221; use_theme_fonts=&#8221;yes&#8221;][vc_btn title=&#8221;Ofertas de emprego&#8221; color=&#8221;white&#8221; align=&#8221;center&#8221; link=&#8221;url:https%3A%2F%2Fa43.pt%2Fpt-pt%2Foportunidades-de-carreira-v2%2F%23carrer|&#8221;][\/vc_column][\/vc_row][vc_row css=&#8221;.vc_custom_1646215916172{padding-top: 100px !important;}&#8221;][vc_column width=&#8221;1\/2&#8243;][vc_column_text el_class=&#8221;page-title-size&#8221;] Junta-te \u00e0 fam\u00edlia [\/vc_column_text][vc_column_text] Junt\u00e1mo-nos a partir de muitas experi\u00eancias diferentes, unidos pela paix\u00e3o de trabalhar criticamente &#8211; e com curiosidade, integridade e camaradagem. O&hellip;<\/p>\n","protected":false},"author":10,"featured_media":0,"parent":0,"menu_order":0,"comment_status":"closed","ping_status":"closed","template":"","meta":{"footnotes":""},"class_list":["post-5871","page","type-page","status-publish","hentry"],"yoast_head":"<!-- This site is optimized with the Yoast SEO plugin v27.2 - https:\/\/yoast.com\/product\/yoast-seo-wordpress\/ -->\n<title>Oportunidades de carreira - A43<\/title>\n<meta name=\"robots\" content=\"index, follow, max-snippet:-1, max-image-preview:large, max-video-preview:-1\" \/>\n<link rel=\"canonical\" href=\"https:\/\/a43.pt\/pt-pt\/oportunidades-de-carreira-v2\/\" \/>\n<meta property=\"og:locale\" content=\"pt_PT\" \/>\n<meta property=\"og:type\" content=\"article\" \/>\n<meta property=\"og:title\" content=\"Oportunidades de carreira - A43\" \/>\n<meta property=\"og:description\" content=\"[vc_row full_width=&#8221;stretch_row&#8221; full_height=&#8221;yes&#8221; parallax=&#8221;content-moving&#8221; parallax_image=&#8221;5019&#8243; css=&#8221;.vc_custom_1646218428878{border-bottom-width: 25px !important;padding-top: 400px !important;padding-bottom: 400px !important;}&#8221;][vc_column][vc_custom_heading text=&#8221;Junta-te \u00e0 Equipa da A43&#8243; font_container=&#8221;tag:h2|font_size:75|text_align:center|color:%23ffffff&#8221; use_theme_fonts=&#8221;yes&#8221;][vc_btn title=&#8221;Ofertas de emprego&#8221; color=&#8221;white&#8221; align=&#8221;center&#8221; link=&#8221;url:https%3A%2F%2Fa43.pt%2Fpt-pt%2Foportunidades-de-carreira-v2%2F%23carrer|&#8221;][\/vc_column][\/vc_row][vc_row css=&#8221;.vc_custom_1646215916172{padding-top: 100px !important;}&#8221;][vc_column width=&#8221;1\/2&#8243;][vc_column_text el_class=&#8221;page-title-size&#8221;] Junta-te \u00e0 fam\u00edlia [\/vc_column_text][vc_column_text] Junt\u00e1mo-nos a partir de muitas experi\u00eancias diferentes, unidos pela paix\u00e3o de trabalhar criticamente &#8211; e com curiosidade, integridade e camaradagem. O&hellip;\" \/>\n<meta property=\"og:url\" content=\"https:\/\/a43.pt\/pt-pt\/oportunidades-de-carreira-v2\/\" \/>\n<meta property=\"og:site_name\" content=\"A43\" \/>\n<meta property=\"article:publisher\" content=\"https:\/\/www.facebook.com\/a43.pt\" \/>\n<meta property=\"article:modified_time\" content=\"2024-03-08T16:35:38+00:00\" \/>\n<meta property=\"og:image\" content=\"https:\/\/a43.pt\/wp-content\/uploads\/2022\/02\/271884122_257255629853135_541085647958833298_n.jpg\" \/>\n\t<meta property=\"og:image:width\" content=\"1080\" \/>\n\t<meta property=\"og:image:height\" content=\"1350\" \/>\n\t<meta property=\"og:image:type\" content=\"image\/jpeg\" \/>\n<meta name=\"twitter:card\" content=\"summary_large_image\" \/>\n<meta name=\"twitter:label1\" content=\"Tempo estimado de leitura\" \/>\n\t<meta name=\"twitter:data1\" content=\"4 minutos\" \/>\n<script type=\"application\/ld+json\" class=\"yoast-schema-graph\">{\"@context\":\"https:\/\/schema.org\",\"@graph\":[{\"@type\":\"WebPage\",\"@id\":\"https:\/\/a43.pt\/pt-pt\/oportunidades-de-carreira-v2\/\",\"url\":\"https:\/\/a43.pt\/pt-pt\/oportunidades-de-carreira-v2\/\",\"name\":\"Oportunidades de carreira - A43\",\"isPartOf\":{\"@id\":\"https:\/\/a43.pt\/#website\"},\"datePublished\":\"2022-03-02T09:25:37+00:00\",\"dateModified\":\"2024-03-08T16:35:38+00:00\",\"breadcrumb\":{\"@id\":\"https:\/\/a43.pt\/pt-pt\/oportunidades-de-carreira-v2\/#breadcrumb\"},\"inLanguage\":\"pt-PT\",\"potentialAction\":[{\"@type\":\"ReadAction\",\"target\":[\"https:\/\/a43.pt\/pt-pt\/oportunidades-de-carreira-v2\/\"]}]},{\"@type\":\"BreadcrumbList\",\"@id\":\"https:\/\/a43.pt\/pt-pt\/oportunidades-de-carreira-v2\/#breadcrumb\",\"itemListElement\":[{\"@type\":\"ListItem\",\"position\":1,\"name\":\"Home\",\"item\":\"https:\/\/a43.pt\/\"},{\"@type\":\"ListItem\",\"position\":2,\"name\":\"Oportunidades de carreira\"}]},{\"@type\":\"WebSite\",\"@id\":\"https:\/\/a43.pt\/#website\",\"url\":\"https:\/\/a43.pt\/\",\"name\":\"A43\",\"description\":\"We believe in Architecture and we are passioned by the human behavior in it!\",\"publisher\":{\"@id\":\"https:\/\/a43.pt\/#organization\"},\"potentialAction\":[{\"@type\":\"SearchAction\",\"target\":{\"@type\":\"EntryPoint\",\"urlTemplate\":\"https:\/\/a43.pt\/?s={search_term_string}\"},\"query-input\":{\"@type\":\"PropertyValueSpecification\",\"valueRequired\":true,\"valueName\":\"search_term_string\"}}],\"inLanguage\":\"pt-PT\"},{\"@type\":\"Organization\",\"@id\":\"https:\/\/a43.pt\/#organization\",\"name\":\"A43\",\"url\":\"https:\/\/a43.pt\/\",\"logo\":{\"@type\":\"ImageObject\",\"inLanguage\":\"pt-PT\",\"@id\":\"https:\/\/a43.pt\/#\/schema\/logo\/image\/\",\"url\":\"http:\/\/a43.pt\/wp-content\/uploads\/2022\/03\/Logo-pretosem-fundo.png\",\"contentUrl\":\"http:\/\/a43.pt\/wp-content\/uploads\/2022\/03\/Logo-pretosem-fundo.png\",\"width\":340,\"height\":149,\"caption\":\"A43\"},\"image\":{\"@id\":\"https:\/\/a43.pt\/#\/schema\/logo\/image\/\"},\"sameAs\":[\"https:\/\/www.facebook.com\/a43.pt\",\"https:\/\/www.instagram.com\/a43_architecture\/\",\"https:\/\/www.linkedin.com\/company\/a43\/\",\"https:\/\/www.youtube.com\/channel\/UCVBugiOuxLz5qkZaqMfe7_w\"]}]}<\/script>\n<!-- \/ Yoast SEO plugin. -->","yoast_head_json":{"title":"Oportunidades de carreira - A43","robots":{"index":"index","follow":"follow","max-snippet":"max-snippet:-1","max-image-preview":"max-image-preview:large","max-video-preview":"max-video-preview:-1"},"canonical":"https:\/\/a43.pt\/pt-pt\/oportunidades-de-carreira-v2\/","og_locale":"pt_PT","og_type":"article","og_title":"Oportunidades de carreira - A43","og_description":"[vc_row full_width=&#8221;stretch_row&#8221; full_height=&#8221;yes&#8221; parallax=&#8221;content-moving&#8221; parallax_image=&#8221;5019&#8243; css=&#8221;.vc_custom_1646218428878{border-bottom-width: 25px !important;padding-top: 400px !important;padding-bottom: 400px !important;}&#8221;][vc_column][vc_custom_heading text=&#8221;Junta-te \u00e0 Equipa da A43&#8243; font_container=&#8221;tag:h2|font_size:75|text_align:center|color:%23ffffff&#8221; use_theme_fonts=&#8221;yes&#8221;][vc_btn title=&#8221;Ofertas de emprego&#8221; color=&#8221;white&#8221; align=&#8221;center&#8221; link=&#8221;url:https%3A%2F%2Fa43.pt%2Fpt-pt%2Foportunidades-de-carreira-v2%2F%23carrer|&#8221;][\/vc_column][\/vc_row][vc_row css=&#8221;.vc_custom_1646215916172{padding-top: 100px !important;}&#8221;][vc_column width=&#8221;1\/2&#8243;][vc_column_text el_class=&#8221;page-title-size&#8221;] Junta-te \u00e0 fam\u00edlia [\/vc_column_text][vc_column_text] Junt\u00e1mo-nos a partir de muitas experi\u00eancias diferentes, unidos pela paix\u00e3o de trabalhar criticamente &#8211; e com curiosidade, integridade e camaradagem. O&hellip;","og_url":"https:\/\/a43.pt\/pt-pt\/oportunidades-de-carreira-v2\/","og_site_name":"A43","article_publisher":"https:\/\/www.facebook.com\/a43.pt","article_modified_time":"2024-03-08T16:35:38+00:00","og_image":[{"width":1080,"height":1350,"url":"https:\/\/a43.pt\/wp-content\/uploads\/2022\/02\/271884122_257255629853135_541085647958833298_n.jpg","type":"image\/jpeg"}],"twitter_card":"summary_large_image","twitter_misc":{"Tempo estimado de leitura":"4 minutos"},"schema":{"@context":"https:\/\/schema.org","@graph":[{"@type":"WebPage","@id":"https:\/\/a43.pt\/pt-pt\/oportunidades-de-carreira-v2\/","url":"https:\/\/a43.pt\/pt-pt\/oportunidades-de-carreira-v2\/","name":"Oportunidades de carreira - A43","isPartOf":{"@id":"https:\/\/a43.pt\/#website"},"datePublished":"2022-03-02T09:25:37+00:00","dateModified":"2024-03-08T16:35:38+00:00","breadcrumb":{"@id":"https:\/\/a43.pt\/pt-pt\/oportunidades-de-carreira-v2\/#breadcrumb"},"inLanguage":"pt-PT","potentialAction":[{"@type":"ReadAction","target":["https:\/\/a43.pt\/pt-pt\/oportunidades-de-carreira-v2\/"]}]},{"@type":"BreadcrumbList","@id":"https:\/\/a43.pt\/pt-pt\/oportunidades-de-carreira-v2\/#breadcrumb","itemListElement":[{"@type":"ListItem","position":1,"name":"Home","item":"https:\/\/a43.pt\/"},{"@type":"ListItem","position":2,"name":"Oportunidades de carreira"}]},{"@type":"WebSite","@id":"https:\/\/a43.pt\/#website","url":"https:\/\/a43.pt\/","name":"A43","description":"We believe in Architecture and we are passioned by the human behavior in it!","publisher":{"@id":"https:\/\/a43.pt\/#organization"},"potentialAction":[{"@type":"SearchAction","target":{"@type":"EntryPoint","urlTemplate":"https:\/\/a43.pt\/?s={search_term_string}"},"query-input":{"@type":"PropertyValueSpecification","valueRequired":true,"valueName":"search_term_string"}}],"inLanguage":"pt-PT"},{"@type":"Organization","@id":"https:\/\/a43.pt\/#organization","name":"A43","url":"https:\/\/a43.pt\/","logo":{"@type":"ImageObject","inLanguage":"pt-PT","@id":"https:\/\/a43.pt\/#\/schema\/logo\/image\/","url":"http:\/\/a43.pt\/wp-content\/uploads\/2022\/03\/Logo-pretosem-fundo.png","contentUrl":"http:\/\/a43.pt\/wp-content\/uploads\/2022\/03\/Logo-pretosem-fundo.png","width":340,"height":149,"caption":"A43"},"image":{"@id":"https:\/\/a43.pt\/#\/schema\/logo\/image\/"},"sameAs":["https:\/\/www.facebook.com\/a43.pt","https:\/\/www.instagram.com\/a43_architecture\/","https:\/\/www.linkedin.com\/company\/a43\/","https:\/\/www.youtube.com\/channel\/UCVBugiOuxLz5qkZaqMfe7_w"]}]}},"acf":[],"_links":{"self":[{"href":"https:\/\/a43.pt\/pt-pt\/wp-json\/wp\/v2\/pages\/5871","targetHints":{"allow":["GET"]}}],"collection":[{"href":"https:\/\/a43.pt\/pt-pt\/wp-json\/wp\/v2\/pages"}],"about":[{"href":"https:\/\/a43.pt\/pt-pt\/wp-json\/wp\/v2\/types\/page"}],"author":[{"embeddable":true,"href":"https:\/\/a43.pt\/pt-pt\/wp-json\/wp\/v2\/users\/10"}],"replies":[{"embeddable":true,"href":"https:\/\/a43.pt\/pt-pt\/wp-json\/wp\/v2\/comments?post=5871"}],"version-history":[{"count":8,"href":"https:\/\/a43.pt\/pt-pt\/wp-json\/wp\/v2\/pages\/5871\/revisions"}],"predecessor-version":[{"id":6457,"href":"https:\/\/a43.pt\/pt-pt\/wp-json\/wp\/v2\/pages\/5871\/revisions\/6457"}],"wp:attachment":[{"href":"https:\/\/a43.pt\/pt-pt\/wp-json\/wp\/v2\/media?parent=5871"}],"curies":[{"name":"wp","href":"https:\/\/api.w.org\/{rel}","templated":true}]}}