{"id":5877,"date":"2018-05-14T14:52:52","date_gmt":"2018-05-14T14:52:52","guid":{"rendered":"https:\/\/a43.pt\/inicio\/"},"modified":"2024-02-23T11:54:51","modified_gmt":"2024-02-23T11:54:51","slug":"inicio","status":"publish","type":"page","link":"https:\/\/a43.pt\/pt-pt\/","title":{"rendered":"In\u00edcio"},"content":{"rendered":"<p>[vc_row full_width=&#8221;stretch_row_content_no_spaces&#8221; no_bottom_margin=&#8221;yes&#8221;][vc_column]\t\t\t<script src=\"\/\/a43.pt\/wp-content\/plugins\/revslider\/public\/assets\/js\/rbtools.min.js?rev=6.5.17\"><\/script>\n\t\t\t<script src=\"\/\/a43.pt\/wp-content\/plugins\/revslider\/public\/assets\/js\/rs6.min.js?rev=6.5.17\"><\/script>\n\n\t\t\t<!-- START Private Housing REVOLUTION SLIDER 6.5.17 --><p class=\"rs-p-wp-fix\"><\/p>\n\t\t\t<rs-module-wrap id=\"rev_slider_1_1_wrapper\" data-source=\"gallery\" style=\"visibility:hidden;background:#eeeeee;padding:0;margin:0px auto;margin-top:0;margin-bottom:0;\">\n\t\t\t\t<rs-module id=\"rev_slider_1_1\" style=\"\" data-version=\"6.5.17\">\n\t\t\t\t\t<rs-slides>\n\t\t\t\t\t\t<rs-slide style=\"position: absolute;\" data-key=\"rs-9\" data-title=\"Arch. Studio\" data-in=\"o:0;\" data-out=\"a:false;\">\n\t\t\t\t\t\t\t<img loading=\"lazy\" decoding=\"async\" src=\"\/\/a43.pt\/wp-content\/plugins\/revslider\/public\/assets\/assets\/dummy.png\" alt=\"Private housing boavista 43 architecture\" title=\"Private housing boavista 43 architecture\" width=\"1920\" height=\"1080\" class=\"rev-slidebg tp-rs-img rs-lazyload\" data-lazyload=\"\/\/a43.pt\/wp-content\/uploads\/2021\/06\/Private-housing-boavista-a43-architecture.jpg\" data-no-retina>\n<!--\n\t\t\t\t\t\t\t--><h1\n\t\t\t\t\t\t\t\tid=\"slider-1-slide-9-layer-1\" \n\t\t\t\t\t\t\t\tclass=\"rs-layer first-slide\"\n\t\t\t\t\t\t\t\tdata-type=\"text\"\n\t\t\t\t\t\t\t\tdata-rsp_ch=\"on\"\n\t\t\t\t\t\t\t\tdata-xy=\"x:r,c,c,c;xo:0,0,-1px,22px;y:m;yo:0,0,-1px,-8px;\"\n\t\t\t\t\t\t\t\tdata-text=\"s:60,60,35,25;l:80,60,50,30;fw:100,100,100,300;a:right,right,left,right;\"\n\t\t\t\t\t\t\t\tdata-dim=\"w:100%,100%,100%,417px;h:auto,auto,auto,121px;\"\n\t\t\t\t\t\t\t\tdata-padding=\"r:0,30,0,0;l:0,0,40,0;\"\n\t\t\t\t\t\t\t\tdata-frame_0=\"o:1;\"\n\t\t\t\t\t\t\t\tdata-frame_0_lines=\"d:10;y:50px;o:0;\"\n\t\t\t\t\t\t\t\tdata-frame_1=\"e:power4.out;st:500;sp:1200;sR:500;\"\n\t\t\t\t\t\t\t\tdata-frame_1_lines=\"d:10;\"\n\t\t\t\t\t\t\t\tdata-frame_999=\"st:w;sp:500;sR:7200;auto:true;\"\n\t\t\t\t\t\t\t\tstyle=\"z-index:5;background-color:rgba(12,12,12,0.27);font-family:'Heebo';\"\n\t\t\t\t\t\t\t>Fundindo-se com o entorno, <br \/>refor\u00e7ando o v\u00ednculo com a natureza. \n\t\t\t\t\t\t\t<\/h1><!--\n\n\t\t\t\t\t\t\t--><a\n\t\t\t\t\t\t\t\tid=\"slider-1-slide-9-layer-3\" \n\t\t\t\t\t\t\t\tclass=\"rs-layer rev-btn\"\n\t\t\t\t\t\t\t\thref=\"http:\/\/a43.pt\/private-housing-architecture\/\" target=\"_self\"\n\t\t\t\t\t\t\t\tdata-type=\"button\"\n\t\t\t\t\t\t\t\tdata-rsp_ch=\"on\"\n\t\t\t\t\t\t\t\tdata-xy=\"x:r;xo:-1px,0,0,0;yo:431px,387px,294px,181px;\"\n\t\t\t\t\t\t\t\tdata-text=\"w:normal;s:20,17,12,7;l:40,35,26,16;fw:100;a:center;\"\n\t\t\t\t\t\t\t\tdata-dim=\"w:160px,143px,108px,66px;h:42px,37px,28px,17px;minh:0px,none,none,none;\"\n\t\t\t\t\t\t\t\tdata-vbility=\"t,t,t,f\"\n\t\t\t\t\t\t\t\tdata-padding=\"r:25,22,17,10;l:25,22,17,10;\"\n\t\t\t\t\t\t\t\tdata-border=\"bos:solid;boc:rgba(255,255,255,0.35);bow:1px,1px,1px,1px;\"\n\t\t\t\t\t\t\t\tdata-frame_999=\"o:0;st:w;\"\n\t\t\t\t\t\t\t\tdata-frame_hover=\"bgc:rgba(0,0,0,0);boc:rgba(255,255,255,0.75);bor:0px,0px,0px,0px;bos:solid;bow:1px,1px,1px,1px;e:power1.inOut;\"\n\t\t\t\t\t\t\t\tstyle=\"z-index:6;background-color:rgba(0,0,0,0);font-family:'Heebo';\"\n\t\t\t\t\t\t\t>Saber mais \n\t\t\t\t\t\t\t<\/a><!--\n-->\t\t\t\t\t\t<\/rs-slide>\n\t\t\t\t\t\t<rs-slide style=\"position: absolute;\" data-key=\"rs-10\" data-title=\"Arch. Studio\" data-in=\"o:0;\" data-out=\"a:false;\">\n\t\t\t\t\t\t\t<img loading=\"lazy\" decoding=\"async\" src=\"\/\/a43.pt\/wp-content\/plugins\/revslider\/public\/assets\/assets\/dummy.png\" alt=\"detached house a43 architecture\" title=\"detached house a43 architecture\" width=\"1920\" height=\"1080\" class=\"rev-slidebg tp-rs-img rs-lazyload\" data-lazyload=\"\/\/a43.pt\/wp-content\/uploads\/2021\/06\/detached-house-a43-architecture.jpg\" data-no-retina>\n<!--\n\t\t\t\t\t\t\t--><h1\n\t\t\t\t\t\t\t\tid=\"slider-1-slide-10-layer-1\" \n\t\t\t\t\t\t\t\tclass=\"rs-layer first-slide\"\n\t\t\t\t\t\t\t\tdata-type=\"text\"\n\t\t\t\t\t\t\t\tdata-rsp_ch=\"on\"\n\t\t\t\t\t\t\t\tdata-xy=\"x:r,c,c,c;xo:0,0,1px,16px;y:m;\"\n\t\t\t\t\t\t\t\tdata-text=\"s:60,60,35,25;l:80,60,50,30;fw:100,100,100,300;a:right;\"\n\t\t\t\t\t\t\t\tdata-dim=\"w:100%,100%,100%,423px;\"\n\t\t\t\t\t\t\t\tdata-padding=\"r:0,30,0,0;l:0,0,40,0;\"\n\t\t\t\t\t\t\t\tdata-frame_0=\"o:1;\"\n\t\t\t\t\t\t\t\tdata-frame_0_lines=\"d:10;y:50px;o:0;\"\n\t\t\t\t\t\t\t\tdata-frame_1=\"e:power4.out;st:500;sp:1200;sR:500;\"\n\t\t\t\t\t\t\t\tdata-frame_1_lines=\"d:10;\"\n\t\t\t\t\t\t\t\tdata-frame_999=\"st:w;sp:500;sR:7200;auto:true;\"\n\t\t\t\t\t\t\t\tstyle=\"z-index:5;background-color:rgba(12,12,12,0.36);font-family:'Heebo';\"\n\t\t\t\t\t\t\t>Arquitetura \u00e9 sobre espa\u00e7o, <br \/>e criar a sensa\u00e7\u00e3o de viver. \n\t\t\t\t\t\t\t<\/h1><!--\n\n\t\t\t\t\t\t\t--><a\n\t\t\t\t\t\t\t\tid=\"slider-1-slide-10-layer-3\" \n\t\t\t\t\t\t\t\tclass=\"rs-layer rev-btn\"\n\t\t\t\t\t\t\t\thref=\"http:\/\/a43.pt\/private-house-in-vila-nova-de-gaia\/\" target=\"_self\"\n\t\t\t\t\t\t\t\tdata-type=\"button\"\n\t\t\t\t\t\t\t\tdata-rsp_ch=\"on\"\n\t\t\t\t\t\t\t\tdata-xy=\"x:r;xo:-1px,0,-2px,-1px;yo:431px,387px,373px,230px;\"\n\t\t\t\t\t\t\t\tdata-text=\"w:normal;s:20,17,12,7;l:40,35,26,16;fw:100;a:center;\"\n\t\t\t\t\t\t\t\tdata-dim=\"w:160px,143px,108px,66px;h:42px,37px,28px,17px;minh:0px,none,none,none;\"\n\t\t\t\t\t\t\t\tdata-vbility=\"t,t,f,f\"\n\t\t\t\t\t\t\t\tdata-padding=\"r:25,22,17,10;l:25,22,17,10;\"\n\t\t\t\t\t\t\t\tdata-border=\"bos:solid;boc:rgba(255,255,255,0.35);bow:1px,1px,1px,1px;\"\n\t\t\t\t\t\t\t\tdata-frame_999=\"o:0;st:w;\"\n\t\t\t\t\t\t\t\tdata-frame_hover=\"bgc:rgba(0,0,0,0);boc:rgba(255,255,255,0.75);bor:0px,0px,0px,0px;bos:solid;bow:1px,1px,1px,1px;e:power1.inOut;\"\n\t\t\t\t\t\t\t\tstyle=\"z-index:6;background-color:rgba(0,0,0,0);font-family:'Heebo';\"\n\t\t\t\t\t\t\t>Saber mais \n\t\t\t\t\t\t\t<\/a><!--\n-->\t\t\t\t\t\t<\/rs-slide>\n\t\t\t\t\t\t<rs-slide style=\"position: absolute;\" data-key=\"rs-11\" data-title=\"Arch. Studio\" data-in=\"o:0;\" data-out=\"a:false;\">\n\t\t\t\t\t\t\t<img loading=\"lazy\" decoding=\"async\" src=\"\/\/a43.pt\/wp-content\/plugins\/revslider\/public\/assets\/assets\/dummy.png\" alt=\"Plastics Factory in Valongo a43 architecture\" title=\"Plastics Factory in Valongo a43 architecture\" width=\"1280\" height=\"791\" class=\"rev-slidebg tp-rs-img rs-lazyload\" data-lazyload=\"\/\/a43.pt\/wp-content\/uploads\/2021\/06\/Plastics-Factory-in-Valongo-a43-architecture.jpg\" data-no-retina>\n<!--\n\t\t\t\t\t\t\t--><h1\n\t\t\t\t\t\t\t\tid=\"slider-1-slide-11-layer-1\" \n\t\t\t\t\t\t\t\tclass=\"rs-layer first-slide\"\n\t\t\t\t\t\t\t\tdata-type=\"text\"\n\t\t\t\t\t\t\t\tdata-rsp_ch=\"on\"\n\t\t\t\t\t\t\t\tdata-xy=\"x:r,c,c,c;xo:0,0,0,-10px;y:m;yo:0,0,0,-1px;\"\n\t\t\t\t\t\t\t\tdata-text=\"s:60,60,35,25;l:80,60,50,30;fw:100,100,100,300;a:left,right,left,right;\"\n\t\t\t\t\t\t\t\tdata-dim=\"w:100%;\"\n\t\t\t\t\t\t\t\tdata-padding=\"r:0,30,0,0;l:0,0,40,0;\"\n\t\t\t\t\t\t\t\tdata-frame_0=\"o:1;\"\n\t\t\t\t\t\t\t\tdata-frame_0_lines=\"d:10;y:50px;o:0;\"\n\t\t\t\t\t\t\t\tdata-frame_1=\"e:power4.out;st:500;sp:1200;sR:500;\"\n\t\t\t\t\t\t\t\tdata-frame_1_lines=\"d:10;\"\n\t\t\t\t\t\t\t\tdata-frame_999=\"st:w;sp:500;sR:7200;auto:true;\"\n\t\t\t\t\t\t\t\tstyle=\"z-index:5;background-color:rgba(12,12,12,0.19);font-family:'Heebo';\"\n\t\t\t\t\t\t\t>A arquitetura pode <br\/>\naumentar a produtividade. \n\t\t\t\t\t\t\t<\/h1><!--\n\n\t\t\t\t\t\t\t--><a\n\t\t\t\t\t\t\t\tid=\"slider-1-slide-11-layer-2\" \n\t\t\t\t\t\t\t\tclass=\"rs-layer rev-btn\"\n\t\t\t\t\t\t\t\thref=\"http:\/\/a43.pt\/plastics-factory-in-valongo\/\" target=\"_self\"\n\t\t\t\t\t\t\t\tdata-type=\"button\"\n\t\t\t\t\t\t\t\tdata-rsp_ch=\"on\"\n\t\t\t\t\t\t\t\tdata-xy=\"x:r;xo:982px,2px,1px,0;yo:430px,384px,291px,179px;\"\n\t\t\t\t\t\t\t\tdata-text=\"w:normal;s:20,17,12,7;l:40,35,26,16;fw:100;a:center;\"\n\t\t\t\t\t\t\t\tdata-dim=\"w:160px,143px,108px,66px;h:42px,37px,28px,17px;minh:0px,none,none,none;\"\n\t\t\t\t\t\t\t\tdata-vbility=\"t,t,f,f\"\n\t\t\t\t\t\t\t\tdata-padding=\"r:25,22,17,10;l:25,22,17,10;\"\n\t\t\t\t\t\t\t\tdata-border=\"bos:solid;boc:rgba(255,255,255,0.35);bow:1px,1px,1px,1px;\"\n\t\t\t\t\t\t\t\tdata-frame_999=\"o:0;st:w;\"\n\t\t\t\t\t\t\t\tdata-frame_hover=\"bgc:rgba(0,0,0,0);boc:rgba(255,255,255,0.75);bor:0px,0px,0px,0px;bos:solid;bow:1px,1px,1px,1px;e:power1.inOut;\"\n\t\t\t\t\t\t\t\tstyle=\"z-index:6;background-color:rgba(0,0,0,0);font-family:'Heebo';\"\n\t\t\t\t\t\t\t>Saber mais \n\t\t\t\t\t\t\t<\/a><!--\n-->\t\t\t\t\t\t<\/rs-slide>\n\t\t\t\t\t<\/rs-slides>\n\t\t\t\t<\/rs-module>\n\t\t\t\t<script>\n\t\t\t\t\tsetREVStartSize({c: 'rev_slider_1_1',rl:[1240,1024,778,480],el:[700,650,650,300],gw:[1140,1024,778,480],gh:[700,650,650,300],type:'standard',justify:'',layout:'fullwidth',mh:\"700\"});if (window.RS_MODULES!==undefined && window.RS_MODULES.modules!==undefined && window.RS_MODULES.modules[\"revslider11\"]!==undefined) {window.RS_MODULES.modules[\"revslider11\"].once = false;window.revapi1 = undefined;if (window.RS_MODULES.checkMinimal!==undefined) window.RS_MODULES.checkMinimal()}\n\t\t\t\t<\/script>\n\t\t\t<\/rs-module-wrap>\n\t\t\t<!-- END REVOLUTION SLIDER -->\n[\/vc_column][\/vc_row][vc_row][vc_column css=&#8221;.vc_custom_1623245622592{margin-top: 20px !important;margin-bottom: 20px !important;}&#8221;][vc_row_inner el_class=&#8221;homepage-welcome&#8221;][vc_column_inner width=&#8221;1\/3&#8243;][\/vc_column_inner][vc_column_inner width=&#8221;2\/3&#8243; css=&#8221;.vc_custom_1526904907304{margin-bottom: 0px !important;}&#8221;][vc_column_text css=&#8221;.vc_custom_1633016980248{margin-bottom: 0px !important;}&#8221;]<\/p>\n<h2>Trabalhar a ess\u00eancia da arquitetura: pessoas<\/h2>\n<h3 class=\"indent_100 rich-headline\">Fundada no Porto, a A43 une arte e ci\u00eancia, do desenvolvimento da <a style=\"color: #61ce70;\" href=\"https:\/\/a43.pt\/pt-pt\/about-us-2\/#arquitetura\">arquitetura<\/a> ao <a style=\"color: #61ce70;\" href=\"https:\/\/a43.pt\/pt-pt\/about-us-2\/#PDesign\">design de produtos<\/a>, <a style=\"color: #61ce70;\" href=\"https:\/\/a43.pt\/pt-pt\/about-us-2\/#interior\">design de interiores<\/a> e <a style=\"color: #61ce70;\" href=\"https:\/\/a43.pt\/pt-pt\/about-us-2\/#Consultancy\">consultoria<\/a>, criamos espa\u00e7os memor\u00e1veis, financeira e ambientalmente sustent\u00e1veis.<\/h3>\n<p>[\/vc_column_text][\/vc_column_inner][\/vc_row_inner][lab_masonry_portfolio title=&#8221;Conhe\u00e7a o nosso trabalho&#8221; category_filter=&#8221;no&#8221; more_link=&#8221;url:https%3A%2F%2Fa43.pt%2Fproject%2F|title:Veja%20os%20nossos%20%C3%BAltimos%20projectos%20%E2%9E%9D|&#8221; css=&#8221;.vc_custom_1627376541279{margin-top: 20px !important;padding-top: 0px !important;}&#8221;][lab_masonry_portfolio_item box_size=&#8221;8&#215;4&#8243; portfolio_id=&#8221;4728&#8243;][lab_masonry_portfolio_item box_size=&#8221;4&#215;4&#8243; portfolio_id=&#8221;2124&#8243;][lab_masonry_portfolio_item box_size=&#8221;4&#215;4&#8243; portfolio_id=&#8221;4746&#8243;][lab_masonry_portfolio_item box_size=&#8221;3&#215;4&#8243; portfolio_id=&#8221;4804&#8243;][lab_masonry_portfolio_item box_size=&#8221;5&#215;4&#8243; portfolio_id=&#8221;4765&#8243;][\/lab_masonry_portfolio][\/vc_column][\/vc_row][vc_row full_width=&#8221;stretch_row&#8221; css=&#8221;.vc_custom_1646214948734{padding-top: 50px !important;padding-bottom: 20px !important;background-color: #fafafa !important;}&#8221; el_class=&#8221;homepage-news&#8221;][vc_column css=&#8221;.vc_custom_1527248930879{padding-top: 0px !important;padding-bottom: 0px !important;}&#8221;][vc_column_text]<\/p>\n<h2 class=\"elementor-heading-title elementor-size-default elementor-inline-editing pen\" contenteditable=\"true\" data-elementor-setting-key=\"title\" data-pen-placeholder=\"Type Here...\">A Nossa Filosofia de Trabalho<\/h2>\n<p>[\/vc_column_text][vc_row_inner][vc_column_inner width=&#8221;1\/4&#8243;][vc_single_image image=&#8221;1004&#8243; img_size=&#8221;50&#215;50&#8243; alignment=&#8221;center&#8221;][vc_column_text]<\/p>\n<h3 class=\"elementor-image-box-title elementor-inline-editing pen\" style=\"color: #317b22; text-align: center;\" contenteditable=\"true\" data-elementor-setting-key=\"title_text\" data-elementor-inline-editing-toolbar=\"none\" data-pen-placeholder=\"Type Here...\"><strong>Inova\u00e7\u00e3o<\/strong><\/h3>\n<p>[\/vc_column_text][vc_column_text]<\/p>\n<p style=\"text-align: center;\">Procuramos expandir os recursos de informa\u00e7\u00e3o, nomeadamente, a pesquisa de novos meios para resolver problemas antigos, a cria\u00e7\u00e3o de ambientes que permitem o aumento do potencial humano.<\/p>\n<p>[\/vc_column_text][\/vc_column_inner][vc_column_inner width=&#8221;1\/4&#8243;][vc_single_image image=&#8221;4811&#8243; img_size=&#8221;50&#215;50&#8243; alignment=&#8221;center&#8221;][vc_column_text]<\/p>\n<h3 class=\"elementor-image-box-title elementor-inline-editing pen\" style=\"color: #317b22; text-align: center;\" contenteditable=\"true\" data-elementor-setting-key=\"title_text\" data-elementor-inline-editing-toolbar=\"none\" data-pen-placeholder=\"Type Here...\"><strong>Sustentabilidade<\/strong><\/h3>\n<p>[\/vc_column_text][vc_column_text]<\/p>\n<p style=\"text-align: center;\">Estamos na constante procura de solu\u00e7\u00f5es que contribuam para um ambiente sustent\u00e1vel e para a redu\u00e7\u00e3o do consumo de energia.<\/p>\n<p>[\/vc_column_text][\/vc_column_inner][vc_column_inner width=&#8221;1\/4&#8243;][vc_single_image image=&#8221;1061&#8243; img_size=&#8221;50&#215;50&#8243; alignment=&#8221;center&#8221;][vc_column_text]<\/p>\n<h3 class=\"elementor-image-box-title elementor-inline-editing pen\" style=\"color: #317b22; text-align: center;\" contenteditable=\"true\" data-elementor-setting-key=\"title_text\" data-elementor-inline-editing-toolbar=\"none\" data-pen-placeholder=\"Type Here...\"><strong>Transforma\u00e7\u00e3o<\/strong><\/h3>\n<p>[\/vc_column_text][vc_column_text]<\/p>\n<p style=\"text-align: center;\">Isto recai desde o mobili\u00e1rio aos edif\u00edcios ou \u00e0 utiliza\u00e7\u00e3o de materiais conhecidos em novos produtos, o que significa aplicar a investiga\u00e7\u00e3o e a materializa\u00e7\u00e3o \u00e0 inova\u00e7\u00e3o.<\/p>\n<p>[\/vc_column_text][\/vc_column_inner][vc_column_inner width=&#8221;1\/4&#8243;][vc_single_image image=&#8221;1059&#8243; img_size=&#8221;50&#215;50&#8243; alignment=&#8221;center&#8221;][vc_column_text]<\/p>\n<h3 class=\"elementor-image-box-title elementor-inline-editing pen\" style=\"color: #317b22; text-align: center;\" contenteditable=\"true\" data-elementor-setting-key=\"title_text\" data-elementor-inline-editing-toolbar=\"none\" data-pen-placeholder=\"Type Here...\"><strong>Adapta\u00e7\u00e3o<\/strong><\/h3>\n<p>[\/vc_column_text][vc_column_text]<\/p>\n<p style=\"text-align: center;\">Temos em conta a perspetiva \u00fanica do cliente, de acordo com exig\u00eancias espec\u00edficas, or\u00e7amentos diferentes, fun\u00e7\u00f5es que podem parecer as mesmas mas que recebem um tratamento personalizado.<\/p>\n<p>[\/vc_column_text][\/vc_column_inner][\/vc_row_inner][\/vc_column][\/vc_row][vc_section css=&#8221;.vc_custom_1623406288402{padding-top: 100px !important;}&#8221;][vc_row][vc_column width=&#8221;1\/2&#8243;][vc_column_text]<\/p>\n<h2 class=\"elementor-heading-title elementor-size-default elementor-inline-editing pen\" contenteditable=\"true\" data-elementor-setting-key=\"title\" data-pen-placeholder=\"Type Here...\">A Equipa<\/h2>\n<p>[\/vc_column_text][vc_column_text]Junt\u00e1mo-nos a partir de muitas experi\u00eancias diferentes, unidos pela paix\u00e3o de trabalhar criticamente &#8211; e com curiosidade, integridade e camaradagem.<\/p>\n<p>O objectivo comum: conceber solu\u00e7\u00f5es elegantes, eficazes e ambientalmente sens\u00edveis para um leque intencionalmente alargado de clientes.[\/vc_column_text][vc_btn title=&#8221;Conhe\u00e7a a equipa&#8221; link=&#8221;url:%2F%2Fa43.pt%2Fpt-pt%2Fa-equipa%2F|title:A%20Equipa&#8221;][\/vc_column][vc_column width=&#8221;1\/2&#8243;][vc_single_image image=&#8221;4976&#8243; img_size=&#8221;800&#215;600&#8243;][\/vc_column][\/vc_row][\/vc_section]<\/p>\n","protected":false},"excerpt":{"rendered":"<p>[vc_row full_width=&#8221;stretch_row_content_no_spaces&#8221; no_bottom_margin=&#8221;yes&#8221;][vc_column][\/vc_column][\/vc_row][vc_row][vc_column css=&#8221;.vc_custom_1623245622592{margin-top: 20px !important;margin-bottom: 20px !important;}&#8221;][vc_row_inner el_class=&#8221;homepage-welcome&#8221;][vc_column_inner width=&#8221;1\/3&#8243;][\/vc_column_inner][vc_column_inner width=&#8221;2\/3&#8243; css=&#8221;.vc_custom_1526904907304{margin-bottom: 0px !important;}&#8221;][vc_column_text css=&#8221;.vc_custom_1633016980248{margin-bottom: 0px !important;}&#8221;] Trabalhar a ess\u00eancia da arquitetura: pessoas Fundada no Porto, a A43 une arte e ci\u00eancia, do desenvolvimento da arquitetura ao design de produtos, design de interiores e consultoria, criamos espa\u00e7os memor\u00e1veis, financeira e ambientalmente sustent\u00e1veis. [\/vc_column_text][\/vc_column_inner][\/vc_row_inner][lab_masonry_portfolio title=&#8221;Conhe\u00e7a o&hellip;<\/p>\n","protected":false},"author":10,"featured_media":5657,"parent":0,"menu_order":0,"comment_status":"closed","ping_status":"closed","template":"","meta":{"footnotes":""},"class_list":["post-5877","page","type-page","status-publish","has-post-thumbnail","hentry"],"yoast_head":"<!-- This site is optimized with the Yoast SEO plugin v27.2 - https:\/\/yoast.com\/product\/yoast-seo-wordpress\/ -->\n<title>In\u00edcio - A43<\/title>\n<meta name=\"description\" content=\"A A43 une arte e ci\u00eancia, desenvolvendo a arquitetura para o produto e design de interiores, criando espa\u00e7os memor\u00e1veis, financeira e ambientalmente sustent\u00e1veis.\" \/>\n<meta name=\"robots\" content=\"index, follow, max-snippet:-1, max-image-preview:large, max-video-preview:-1\" \/>\n<link rel=\"canonical\" href=\"https:\/\/a43.pt\/\" \/>\n<meta property=\"og:locale\" content=\"pt_PT\" \/>\n<meta property=\"og:type\" content=\"article\" \/>\n<meta property=\"og:title\" content=\"In\u00edcio - A43\" \/>\n<meta property=\"og:description\" content=\"A A43 une arte e ci\u00eancia, desenvolvendo a arquitetura para o produto e design de interiores, criando espa\u00e7os memor\u00e1veis, financeira e ambientalmente sustent\u00e1veis.\" \/>\n<meta property=\"og:url\" content=\"https:\/\/a43.pt\/\" \/>\n<meta property=\"og:site_name\" content=\"A43\" \/>\n<meta property=\"article:publisher\" content=\"https:\/\/www.facebook.com\/a43.pt\" \/>\n<meta property=\"article:modified_time\" content=\"2024-02-23T11:54:51+00:00\" \/>\n<meta property=\"og:image\" content=\"http:\/\/a43.pt\/wp-content\/uploads\/2021\/06\/Private-housing-boavista-a43-architecture.jpg\" \/>\n\t<meta property=\"og:image:width\" content=\"1920\" \/>\n\t<meta property=\"og:image:height\" content=\"1080\" \/>\n\t<meta property=\"og:image:type\" content=\"image\/jpeg\" \/>\n<meta name=\"twitter:card\" content=\"summary_large_image\" \/>\n<meta name=\"twitter:label1\" content=\"Tempo estimado de leitura\" \/>\n\t<meta name=\"twitter:data1\" content=\"3 minutos\" \/>\n<script type=\"application\/ld+json\" class=\"yoast-schema-graph\">{\"@context\":\"https:\/\/schema.org\",\"@graph\":[{\"@type\":\"WebPage\",\"@id\":\"https:\/\/a43.pt\/\",\"url\":\"https:\/\/a43.pt\/\",\"name\":\"In\u00edcio - A43\",\"isPartOf\":{\"@id\":\"https:\/\/a43.pt\/#website\"},\"primaryImageOfPage\":{\"@id\":\"https:\/\/a43.pt\/#primaryimage\"},\"image\":{\"@id\":\"https:\/\/a43.pt\/#primaryimage\"},\"thumbnailUrl\":\"https:\/\/a43.pt\/wp-content\/uploads\/2021\/06\/Private-housing-boavista-a43-architecture.jpg\",\"datePublished\":\"2018-05-14T14:52:52+00:00\",\"dateModified\":\"2024-02-23T11:54:51+00:00\",\"description\":\"A A43 une arte e ci\u00eancia, desenvolvendo a arquitetura para o produto e design de interiores, criando espa\u00e7os memor\u00e1veis, financeira e ambientalmente sustent\u00e1veis.\",\"breadcrumb\":{\"@id\":\"https:\/\/a43.pt\/#breadcrumb\"},\"inLanguage\":\"pt-PT\",\"potentialAction\":[{\"@type\":\"ReadAction\",\"target\":[\"https:\/\/a43.pt\/\"]}]},{\"@type\":\"ImageObject\",\"inLanguage\":\"pt-PT\",\"@id\":\"https:\/\/a43.pt\/#primaryimage\",\"url\":\"https:\/\/a43.pt\/wp-content\/uploads\/2021\/06\/Private-housing-boavista-a43-architecture.jpg\",\"contentUrl\":\"https:\/\/a43.pt\/wp-content\/uploads\/2021\/06\/Private-housing-boavista-a43-architecture.jpg\",\"width\":1920,\"height\":1080},{\"@type\":\"BreadcrumbList\",\"@id\":\"https:\/\/a43.pt\/#breadcrumb\",\"itemListElement\":[{\"@type\":\"ListItem\",\"position\":1,\"name\":\"Home\",\"item\":\"https:\/\/a43.pt\/\"},{\"@type\":\"ListItem\",\"position\":2,\"name\":\"In\u00edcio\"}]},{\"@type\":\"WebSite\",\"@id\":\"https:\/\/a43.pt\/#website\",\"url\":\"https:\/\/a43.pt\/\",\"name\":\"A43\",\"description\":\"We believe in Architecture and we are passioned by the human behavior in it!\",\"publisher\":{\"@id\":\"https:\/\/a43.pt\/#organization\"},\"potentialAction\":[{\"@type\":\"SearchAction\",\"target\":{\"@type\":\"EntryPoint\",\"urlTemplate\":\"https:\/\/a43.pt\/?s={search_term_string}\"},\"query-input\":{\"@type\":\"PropertyValueSpecification\",\"valueRequired\":true,\"valueName\":\"search_term_string\"}}],\"inLanguage\":\"pt-PT\"},{\"@type\":\"Organization\",\"@id\":\"https:\/\/a43.pt\/#organization\",\"name\":\"A43\",\"url\":\"https:\/\/a43.pt\/\",\"logo\":{\"@type\":\"ImageObject\",\"inLanguage\":\"pt-PT\",\"@id\":\"https:\/\/a43.pt\/#\/schema\/logo\/image\/\",\"url\":\"http:\/\/a43.pt\/wp-content\/uploads\/2022\/03\/Logo-pretosem-fundo.png\",\"contentUrl\":\"http:\/\/a43.pt\/wp-content\/uploads\/2022\/03\/Logo-pretosem-fundo.png\",\"width\":340,\"height\":149,\"caption\":\"A43\"},\"image\":{\"@id\":\"https:\/\/a43.pt\/#\/schema\/logo\/image\/\"},\"sameAs\":[\"https:\/\/www.facebook.com\/a43.pt\",\"https:\/\/www.instagram.com\/a43_architecture\/\",\"https:\/\/www.linkedin.com\/company\/a43\/\",\"https:\/\/www.youtube.com\/channel\/UCVBugiOuxLz5qkZaqMfe7_w\"]}]}<\/script>\n<!-- \/ Yoast SEO plugin. -->","yoast_head_json":{"title":"In\u00edcio - A43","description":"A A43 une arte e ci\u00eancia, desenvolvendo a arquitetura para o produto e design de interiores, criando espa\u00e7os memor\u00e1veis, financeira e ambientalmente sustent\u00e1veis.","robots":{"index":"index","follow":"follow","max-snippet":"max-snippet:-1","max-image-preview":"max-image-preview:large","max-video-preview":"max-video-preview:-1"},"canonical":"https:\/\/a43.pt\/","og_locale":"pt_PT","og_type":"article","og_title":"In\u00edcio - A43","og_description":"A A43 une arte e ci\u00eancia, desenvolvendo a arquitetura para o produto e design de interiores, criando espa\u00e7os memor\u00e1veis, financeira e ambientalmente sustent\u00e1veis.","og_url":"https:\/\/a43.pt\/","og_site_name":"A43","article_publisher":"https:\/\/www.facebook.com\/a43.pt","article_modified_time":"2024-02-23T11:54:51+00:00","og_image":[{"width":1920,"height":1080,"url":"http:\/\/a43.pt\/wp-content\/uploads\/2021\/06\/Private-housing-boavista-a43-architecture.jpg","type":"image\/jpeg"}],"twitter_card":"summary_large_image","twitter_misc":{"Tempo estimado de leitura":"3 minutos"},"schema":{"@context":"https:\/\/schema.org","@graph":[{"@type":"WebPage","@id":"https:\/\/a43.pt\/","url":"https:\/\/a43.pt\/","name":"In\u00edcio - A43","isPartOf":{"@id":"https:\/\/a43.pt\/#website"},"primaryImageOfPage":{"@id":"https:\/\/a43.pt\/#primaryimage"},"image":{"@id":"https:\/\/a43.pt\/#primaryimage"},"thumbnailUrl":"https:\/\/a43.pt\/wp-content\/uploads\/2021\/06\/Private-housing-boavista-a43-architecture.jpg","datePublished":"2018-05-14T14:52:52+00:00","dateModified":"2024-02-23T11:54:51+00:00","description":"A A43 une arte e ci\u00eancia, desenvolvendo a arquitetura para o produto e design de interiores, criando espa\u00e7os memor\u00e1veis, financeira e ambientalmente sustent\u00e1veis.","breadcrumb":{"@id":"https:\/\/a43.pt\/#breadcrumb"},"inLanguage":"pt-PT","potentialAction":[{"@type":"ReadAction","target":["https:\/\/a43.pt\/"]}]},{"@type":"ImageObject","inLanguage":"pt-PT","@id":"https:\/\/a43.pt\/#primaryimage","url":"https:\/\/a43.pt\/wp-content\/uploads\/2021\/06\/Private-housing-boavista-a43-architecture.jpg","contentUrl":"https:\/\/a43.pt\/wp-content\/uploads\/2021\/06\/Private-housing-boavista-a43-architecture.jpg","width":1920,"height":1080},{"@type":"BreadcrumbList","@id":"https:\/\/a43.pt\/#breadcrumb","itemListElement":[{"@type":"ListItem","position":1,"name":"Home","item":"https:\/\/a43.pt\/"},{"@type":"ListItem","position":2,"name":"In\u00edcio"}]},{"@type":"WebSite","@id":"https:\/\/a43.pt\/#website","url":"https:\/\/a43.pt\/","name":"A43","description":"We believe in Architecture and we are passioned by the human behavior in it!","publisher":{"@id":"https:\/\/a43.pt\/#organization"},"potentialAction":[{"@type":"SearchAction","target":{"@type":"EntryPoint","urlTemplate":"https:\/\/a43.pt\/?s={search_term_string}"},"query-input":{"@type":"PropertyValueSpecification","valueRequired":true,"valueName":"search_term_string"}}],"inLanguage":"pt-PT"},{"@type":"Organization","@id":"https:\/\/a43.pt\/#organization","name":"A43","url":"https:\/\/a43.pt\/","logo":{"@type":"ImageObject","inLanguage":"pt-PT","@id":"https:\/\/a43.pt\/#\/schema\/logo\/image\/","url":"http:\/\/a43.pt\/wp-content\/uploads\/2022\/03\/Logo-pretosem-fundo.png","contentUrl":"http:\/\/a43.pt\/wp-content\/uploads\/2022\/03\/Logo-pretosem-fundo.png","width":340,"height":149,"caption":"A43"},"image":{"@id":"https:\/\/a43.pt\/#\/schema\/logo\/image\/"},"sameAs":["https:\/\/www.facebook.com\/a43.pt","https:\/\/www.instagram.com\/a43_architecture\/","https:\/\/www.linkedin.com\/company\/a43\/","https:\/\/www.youtube.com\/channel\/UCVBugiOuxLz5qkZaqMfe7_w"]}]}},"acf":[],"_links":{"self":[{"href":"https:\/\/a43.pt\/pt-pt\/wp-json\/wp\/v2\/pages\/5877","targetHints":{"allow":["GET"]}}],"collection":[{"href":"https:\/\/a43.pt\/pt-pt\/wp-json\/wp\/v2\/pages"}],"about":[{"href":"https:\/\/a43.pt\/pt-pt\/wp-json\/wp\/v2\/types\/page"}],"author":[{"embeddable":true,"href":"https:\/\/a43.pt\/pt-pt\/wp-json\/wp\/v2\/users\/10"}],"replies":[{"embeddable":true,"href":"https:\/\/a43.pt\/pt-pt\/wp-json\/wp\/v2\/comments?post=5877"}],"version-history":[{"count":6,"href":"https:\/\/a43.pt\/pt-pt\/wp-json\/wp\/v2\/pages\/5877\/revisions"}],"predecessor-version":[{"id":6440,"href":"https:\/\/a43.pt\/pt-pt\/wp-json\/wp\/v2\/pages\/5877\/revisions\/6440"}],"wp:featuredmedia":[{"embeddable":true,"href":"https:\/\/a43.pt\/pt-pt\/wp-json\/wp\/v2\/media\/5657"}],"wp:attachment":[{"href":"https:\/\/a43.pt\/pt-pt\/wp-json\/wp\/v2\/media?parent=5877"}],"curies":[{"name":"wp","href":"https:\/\/api.w.org\/{rel}","templated":true}]}}