{"id":5891,"date":"2021-07-27T13:33:07","date_gmt":"2021-07-27T13:33:07","guid":{"rendered":"https:\/\/a43.pt\/servicos\/"},"modified":"2024-10-25T11:58:31","modified_gmt":"2024-10-25T11:58:31","slug":"servicos","status":"publish","type":"page","link":"https:\/\/a43.pt\/pt-pt\/servicos\/","title":{"rendered":"Servi\u00e7os"},"content":{"rendered":"<p>[vc_row content_placement=&#8221;top&#8221; css=&#8221;.vc_custom_1526906707598{padding-top: 25px !important;padding-bottom: 50px !important;}&#8221;][vc_column width=&#8221;1\/2&#8243; reveal_effect=&#8221;fadeIn&#8221; reveal_duration=&#8221;0.7&#8243;][vc_column_text el_class=&#8221;page-title-size&#8221; css=&#8221;.vc_custom_1645520014914{margin-bottom: 15px !important;}&#8221;]<\/p>\n<h1>Os Nossos Servi\u00e7os<\/h1>\n<p>[\/vc_column_text][\/vc_column][\/vc_row][vc_row][vc_column][vc_single_image image=&#8221;5424&#8243; img_size=&#8221;1000&#215;1000&#8243; css=&#8221;.vc_custom_1645520182730{margin-bottom: 0px !important;}&#8221;][\/vc_column][\/vc_row][vc_row parallax_enable=&#8221;yes&#8221; parallax_ratio=&#8221;0.7&#8243; css=&#8221;.vc_custom_1627394626078{margin-bottom: 0px !important;border-bottom-width: 1px !important;border-bottom-color: #ffffff !important;border-bottom-style: solid !important;}&#8221; el_class=&#8221;services-row&#8221;][vc_column width=&#8221;1\/2&#8243; reveal_effect=&#8221;fadeIn&#8221; reveal_duration=&#8221;1&#8243; offset=&#8221;vc_col-xs-12&#8243; css=&#8221;.vc_custom_1526912058775{padding-top: 0px !important;}&#8221;][\/vc_column][vc_column width=&#8221;1\/2&#8243; reveal_effect=&#8221;fadeIn&#8221; reveal_duration=&#8221;1&#8243; css=&#8221;.vc_custom_1526912063220{padding-top: 0px !important;}&#8221;][\/vc_column][\/vc_row][vc_row parallax_enable=&#8221;yes&#8221; parallax_ratio=&#8221;0.7&#8243; css=&#8221;.vc_custom_1627395546810{margin-top: -60px !important;margin-bottom: 0px !important;border-bottom-width: 1px !important;border-bottom-color: #eeeeee !important;border-bottom-style: solid !important;}&#8221; el_class=&#8221;services-row&#8221;][vc_column width=&#8221;1\/2&#8243; reveal_effect=&#8221;fadeIn&#8221; reveal_duration=&#8221;1&#8243; offset=&#8221;vc_col-xs-12&#8243; css=&#8221;.vc_custom_1526912058775{padding-top: 0px !important;}&#8221;][vc_column_text css=&#8221;.vc_custom_1627398298499{margin-bottom: 15px !important;}&#8221; el_id=&#8221;interior&#8221;]<\/p>\n<h3>Arquitetura<\/h3>\n<p>[\/vc_column_text][\/vc_column][vc_column width=&#8221;1\/2&#8243; reveal_effect=&#8221;fadeIn&#8221; reveal_duration=&#8221;1&#8243; css=&#8221;.vc_custom_1526912063220{padding-top: 0px !important;}&#8221;][vc_column_text css=&#8221;.vc_custom_1626451500173{margin-bottom: 0px !important;}&#8221;]Desenvolvemos a conce\u00e7\u00e3o de edif\u00edcios de sucesso que captam o esp\u00edrito do seu ambiente e da Natureza, adquirindo a sua pr\u00f3pria identidade. S\u00e3o visualmente atraentes, saud\u00e1veis, confort\u00e1veis, flex\u00edveis, seguros e eficientes; o que nos d\u00e1 prazer lig\u00e1-los ao Ser Humano que os habita. Acrescentam um valor real aos seus propriet\u00e1rios e utilizadores. A arquitectura da A43 reflete o conhecimento de como as pessoas, as organiza\u00e7\u00f5es e as empresas utilizam e vivem o espa\u00e7o. Trabalhamos em colabora\u00e7\u00e3o com os nossos clientes, comunidades&#8230;[\/vc_column_text][\/vc_column][\/vc_row][vc_row parallax_enable=&#8221;yes&#8221; parallax_ratio=&#8221;0.7&#8243; css=&#8221;.vc_custom_1526982549413{margin-bottom: 0px !important;border-bottom-width: 1px !important;border-bottom-color: #eeeeee !important;border-bottom-style: solid !important;}&#8221; el_class=&#8221;services-row&#8221;][vc_column width=&#8221;1\/2&#8243; reveal_effect=&#8221;fadeIn&#8221; reveal_duration=&#8221;1&#8243; offset=&#8221;vc_col-xs-12&#8243; css=&#8221;.vc_custom_1526912249999{padding-top: 0px !important;}&#8221;][vc_column_text css=&#8221;.vc_custom_1627397725338{margin-bottom: 15px !important;}&#8221; el_id=&#8221;PDesign&#8221;]<\/p>\n<h3>Design de Interiores<\/h3>\n<p>[\/vc_column_text][\/vc_column][vc_column width=&#8221;1\/2&#8243; reveal_effect=&#8221;fadeIn&#8221; reveal_duration=&#8221;1&#8243; css=&#8221;.vc_custom_1526912246804{padding-top: 0px !important;}&#8221;][vc_column_text css=&#8221;.vc_custom_1626451642497{margin-bottom: 0px !important;}&#8221;]Projetamos espa\u00e7os interiores para viver ou trabalhar. O desempenho interior pode ser medido em termos humanos e organizacionais como maior produtividade, maior criatividade e inova\u00e7\u00e3o, aumentando a rentabilidade e as vendas. A nossa equipa trabalha em colabora\u00e7\u00e3o e estrategicamente para proporcionar inova\u00e7\u00e3o, qualidade e desempenho sustent\u00e1vel. Os nossos projetos s\u00e3o de \u00e2mbito internacional, abrangendo desde escrit\u00f3rios a lojas, edif\u00edcios acad\u00e9micos e p\u00fablicos, centros de entretenimento e espa\u00e7os culturais. Desenvolvemos interiores onde propomos&#8230;[\/vc_column_text][\/vc_column][\/vc_row][vc_row parallax_enable=&#8221;yes&#8221; parallax_ratio=&#8221;0.7&#8243; css=&#8221;.vc_custom_1623431202056{margin-bottom: 0px !important;border-bottom-width: 1px !important;border-bottom-color: #eeeeee !important;border-bottom-style: solid !important;}&#8221; el_class=&#8221;services-row&#8221;][vc_column width=&#8221;1\/2&#8243; reveal_effect=&#8221;fadeIn&#8221; reveal_duration=&#8221;1&#8243; offset=&#8221;vc_col-xs-12&#8243; css=&#8221;.vc_custom_1526912259168{padding-top: 0px !important;}&#8221;][vc_column_text css=&#8221;.vc_custom_1623227619371{margin-bottom: 15px !important;}&#8221;]<\/p>\n<h3>Design de Produto<\/h3>\n<p>[\/vc_column_text][\/vc_column][vc_column width=&#8221;1\/2&#8243; reveal_effect=&#8221;fadeIn&#8221; reveal_duration=&#8221;1&#8243; css=&#8221;.vc_custom_1526912255047{padding-top: 0px !important;}&#8221;][vc_column_text css=&#8221;.vc_custom_1626451697720{margin-bottom: 0px !important;}&#8221;]Para n\u00f3s, o Design de Produto apresenta-se como uma extens\u00e3o do Ser Humano e \u00e9 a nossa motiva\u00e7\u00e3o essencial. Desenvolvemos produtos de usabilidade e intera\u00e7\u00e3o que satisfazem as necessidades dos seres humanos e cuja rela\u00e7\u00e3o material com a Natureza se torna extremamente importante. Trabalhamos como uma equipa para conseguir um produto simples com excelente qualidade.[\/vc_column_text][\/vc_column][\/vc_row][vc_row parallax_enable=&#8221;yes&#8221; parallax_ratio=&#8221;0.7&#8243; css=&#8221;.vc_custom_1526982554296{margin-bottom: 0px !important;border-bottom-width: 1px !important;border-bottom-color: #ffffff !important;border-bottom-style: solid !important;}&#8221; el_class=&#8221;services-row&#8221;][vc_column width=&#8221;1\/2&#8243; reveal_effect=&#8221;fadeIn&#8221; reveal_duration=&#8221;1&#8243; offset=&#8221;vc_col-xs-12&#8243; css=&#8221;.vc_custom_1526912259168{padding-top: 0px !important;}&#8221;][vc_column_text css=&#8221;.vc_custom_1623405246559{margin-bottom: 15px !important;}&#8221;]<\/p>\n<h3 class=\"indent_100 rich-headline\">Consultoria<\/h3>\n<p>[\/vc_column_text][\/vc_column][vc_column width=&#8221;1\/2&#8243; reveal_effect=&#8221;fadeIn&#8221; reveal_duration=&#8221;1&#8243; css=&#8221;.vc_custom_1526912255047{padding-top: 0px !important;}&#8221;][vc_column_text css=&#8221;.vc_custom_1626451569371{margin-bottom: 0px !important;}&#8221;]Ajudamos os nossos clientes a tomar as melhores decis\u00f5es, posicionar os seus neg\u00f3cios e gerir os seus bens. A nossa consultoria trata de bens imobili\u00e1rios, instala\u00e7\u00f5es, locais de trabalho e solu\u00e7\u00f5es. Os nossos servi\u00e7os incluem consultadoria baseada na nossa experi\u00eancia, planeamento estrat\u00e9gico, an\u00e1lise imobili\u00e1ria e de carteira, an\u00e1lise de reposicionamento e remodela\u00e7\u00e3o at\u00e9 \u00e0 mudan\u00e7a de utiliza\u00e7\u00e3o, entre outros.[\/vc_column_text][\/vc_column][\/vc_row]<\/p>\n","protected":false},"excerpt":{"rendered":"<p>[vc_row content_placement=&#8221;top&#8221; css=&#8221;.vc_custom_1526906707598{padding-top: 25px !important;padding-bottom: 50px !important;}&#8221;][vc_column width=&#8221;1\/2&#8243; reveal_effect=&#8221;fadeIn&#8221; reveal_duration=&#8221;0.7&#8243;][vc_column_text el_class=&#8221;page-title-size&#8221; css=&#8221;.vc_custom_1645520014914{margin-bottom: 15px !important;}&#8221;] Os Nossos Servi\u00e7os [\/vc_column_text][\/vc_column][\/vc_row][vc_row][vc_column][vc_single_image image=&#8221;5424&#8243; img_size=&#8221;1000&#215;1000&#8243; css=&#8221;.vc_custom_1645520182730{margin-bottom: 0px !important;}&#8221;][\/vc_column][\/vc_row][vc_row parallax_enable=&#8221;yes&#8221; parallax_ratio=&#8221;0.7&#8243; css=&#8221;.vc_custom_1627394626078{margin-bottom: 0px !important;border-bottom-width: 1px !important;border-bottom-color: #ffffff !important;border-bottom-style: solid !important;}&#8221; el_class=&#8221;services-row&#8221;][vc_column width=&#8221;1\/2&#8243; reveal_effect=&#8221;fadeIn&#8221; reveal_duration=&#8221;1&#8243; offset=&#8221;vc_col-xs-12&#8243; css=&#8221;.vc_custom_1526912058775{padding-top: 0px !important;}&#8221;][\/vc_column][vc_column width=&#8221;1\/2&#8243; reveal_effect=&#8221;fadeIn&#8221; reveal_duration=&#8221;1&#8243; css=&#8221;.vc_custom_1526912063220{padding-top: 0px !important;}&#8221;][\/vc_column][\/vc_row][vc_row parallax_enable=&#8221;yes&#8221; parallax_ratio=&#8221;0.7&#8243; css=&#8221;.vc_custom_1627395546810{margin-top: -60px !important;margin-bottom: 0px !important;border-bottom-width:&hellip;<\/p>\n","protected":false},"author":10,"featured_media":5701,"parent":0,"menu_order":0,"comment_status":"open","ping_status":"closed","template":"","meta":{"footnotes":""},"class_list":["post-5891","page","type-page","status-publish","has-post-thumbnail","hentry"],"yoast_head":"<!-- This site is optimized with the Yoast SEO plugin v27.2 - https:\/\/yoast.com\/product\/yoast-seo-wordpress\/ -->\n<title>Servi\u00e7os - A43<\/title>\n<meta name=\"robots\" content=\"index, follow, max-snippet:-1, max-image-preview:large, max-video-preview:-1\" \/>\n<link rel=\"canonical\" href=\"https:\/\/a43.pt\/services\/\" \/>\n<meta property=\"og:locale\" content=\"pt_PT\" \/>\n<meta property=\"og:type\" content=\"article\" \/>\n<meta property=\"og:title\" content=\"Servi\u00e7os - A43\" \/>\n<meta property=\"og:description\" content=\"[vc_row content_placement=&#8221;top&#8221; css=&#8221;.vc_custom_1526906707598{padding-top: 25px !important;padding-bottom: 50px !important;}&#8221;][vc_column width=&#8221;1\/2&#8243; reveal_effect=&#8221;fadeIn&#8221; reveal_duration=&#8221;0.7&#8243;][vc_column_text el_class=&#8221;page-title-size&#8221; css=&#8221;.vc_custom_1645520014914{margin-bottom: 15px !important;}&#8221;] Os Nossos Servi\u00e7os [\/vc_column_text][\/vc_column][\/vc_row][vc_row][vc_column][vc_single_image image=&#8221;5424&#8243; img_size=&#8221;1000&#215;1000&#8243; css=&#8221;.vc_custom_1645520182730{margin-bottom: 0px !important;}&#8221;][\/vc_column][\/vc_row][vc_row parallax_enable=&#8221;yes&#8221; parallax_ratio=&#8221;0.7&#8243; css=&#8221;.vc_custom_1627394626078{margin-bottom: 0px !important;border-bottom-width: 1px !important;border-bottom-color: #ffffff !important;border-bottom-style: solid !important;}&#8221; el_class=&#8221;services-row&#8221;][vc_column width=&#8221;1\/2&#8243; reveal_effect=&#8221;fadeIn&#8221; reveal_duration=&#8221;1&#8243; offset=&#8221;vc_col-xs-12&#8243; css=&#8221;.vc_custom_1526912058775{padding-top: 0px !important;}&#8221;][\/vc_column][vc_column width=&#8221;1\/2&#8243; reveal_effect=&#8221;fadeIn&#8221; reveal_duration=&#8221;1&#8243; css=&#8221;.vc_custom_1526912063220{padding-top: 0px !important;}&#8221;][\/vc_column][\/vc_row][vc_row parallax_enable=&#8221;yes&#8221; parallax_ratio=&#8221;0.7&#8243; css=&#8221;.vc_custom_1627395546810{margin-top: -60px !important;margin-bottom: 0px !important;border-bottom-width:&hellip;\" \/>\n<meta property=\"og:url\" content=\"https:\/\/a43.pt\/services\/\" \/>\n<meta property=\"og:site_name\" content=\"A43\" \/>\n<meta property=\"article:publisher\" content=\"https:\/\/www.facebook.com\/a43.pt\" \/>\n<meta property=\"article:modified_time\" content=\"2024-10-25T11:58:31+00:00\" \/>\n<meta property=\"og:image\" content=\"http:\/\/a43.pt\/wp-content\/uploads\/2021\/06\/about_us.jpg\" \/>\n\t<meta property=\"og:image:width\" content=\"1000\" \/>\n\t<meta property=\"og:image:height\" content=\"1000\" \/>\n\t<meta property=\"og:image:type\" content=\"image\/jpeg\" \/>\n<meta name=\"twitter:card\" content=\"summary_large_image\" \/>\n<meta name=\"twitter:label1\" content=\"Tempo estimado de leitura\" \/>\n\t<meta name=\"twitter:data1\" content=\"4 minutos\" \/>\n<script type=\"application\/ld+json\" class=\"yoast-schema-graph\">{\"@context\":\"https:\/\/schema.org\",\"@graph\":[{\"@type\":\"WebPage\",\"@id\":\"https:\/\/a43.pt\/services\/\",\"url\":\"https:\/\/a43.pt\/services\/\",\"name\":\"Servi\u00e7os - A43\",\"isPartOf\":{\"@id\":\"https:\/\/a43.pt\/#website\"},\"primaryImageOfPage\":{\"@id\":\"https:\/\/a43.pt\/services\/#primaryimage\"},\"image\":{\"@id\":\"https:\/\/a43.pt\/services\/#primaryimage\"},\"thumbnailUrl\":\"https:\/\/a43.pt\/wp-content\/uploads\/2021\/06\/about_us.jpg\",\"datePublished\":\"2021-07-27T13:33:07+00:00\",\"dateModified\":\"2024-10-25T11:58:31+00:00\",\"breadcrumb\":{\"@id\":\"https:\/\/a43.pt\/services\/#breadcrumb\"},\"inLanguage\":\"pt-PT\",\"potentialAction\":[{\"@type\":\"ReadAction\",\"target\":[\"https:\/\/a43.pt\/services\/\"]}]},{\"@type\":\"ImageObject\",\"inLanguage\":\"pt-PT\",\"@id\":\"https:\/\/a43.pt\/services\/#primaryimage\",\"url\":\"https:\/\/a43.pt\/wp-content\/uploads\/2021\/06\/about_us.jpg\",\"contentUrl\":\"https:\/\/a43.pt\/wp-content\/uploads\/2021\/06\/about_us.jpg\",\"width\":1000,\"height\":1000},{\"@type\":\"BreadcrumbList\",\"@id\":\"https:\/\/a43.pt\/services\/#breadcrumb\",\"itemListElement\":[{\"@type\":\"ListItem\",\"position\":1,\"name\":\"Home\",\"item\":\"https:\/\/a43.pt\/\"},{\"@type\":\"ListItem\",\"position\":2,\"name\":\"Servi\u00e7os\"}]},{\"@type\":\"WebSite\",\"@id\":\"https:\/\/a43.pt\/#website\",\"url\":\"https:\/\/a43.pt\/\",\"name\":\"A43\",\"description\":\"We believe in Architecture and we are passioned by the human behavior in it!\",\"publisher\":{\"@id\":\"https:\/\/a43.pt\/#organization\"},\"potentialAction\":[{\"@type\":\"SearchAction\",\"target\":{\"@type\":\"EntryPoint\",\"urlTemplate\":\"https:\/\/a43.pt\/?s={search_term_string}\"},\"query-input\":{\"@type\":\"PropertyValueSpecification\",\"valueRequired\":true,\"valueName\":\"search_term_string\"}}],\"inLanguage\":\"pt-PT\"},{\"@type\":\"Organization\",\"@id\":\"https:\/\/a43.pt\/#organization\",\"name\":\"A43\",\"url\":\"https:\/\/a43.pt\/\",\"logo\":{\"@type\":\"ImageObject\",\"inLanguage\":\"pt-PT\",\"@id\":\"https:\/\/a43.pt\/#\/schema\/logo\/image\/\",\"url\":\"http:\/\/a43.pt\/wp-content\/uploads\/2022\/03\/Logo-pretosem-fundo.png\",\"contentUrl\":\"http:\/\/a43.pt\/wp-content\/uploads\/2022\/03\/Logo-pretosem-fundo.png\",\"width\":340,\"height\":149,\"caption\":\"A43\"},\"image\":{\"@id\":\"https:\/\/a43.pt\/#\/schema\/logo\/image\/\"},\"sameAs\":[\"https:\/\/www.facebook.com\/a43.pt\",\"https:\/\/www.instagram.com\/a43_architecture\/\",\"https:\/\/www.linkedin.com\/company\/a43\/\",\"https:\/\/www.youtube.com\/channel\/UCVBugiOuxLz5qkZaqMfe7_w\"]}]}<\/script>\n<!-- \/ Yoast SEO plugin. -->","yoast_head_json":{"title":"Servi\u00e7os - A43","robots":{"index":"index","follow":"follow","max-snippet":"max-snippet:-1","max-image-preview":"max-image-preview:large","max-video-preview":"max-video-preview:-1"},"canonical":"https:\/\/a43.pt\/services\/","og_locale":"pt_PT","og_type":"article","og_title":"Servi\u00e7os - A43","og_description":"[vc_row content_placement=&#8221;top&#8221; css=&#8221;.vc_custom_1526906707598{padding-top: 25px !important;padding-bottom: 50px !important;}&#8221;][vc_column width=&#8221;1\/2&#8243; reveal_effect=&#8221;fadeIn&#8221; reveal_duration=&#8221;0.7&#8243;][vc_column_text el_class=&#8221;page-title-size&#8221; css=&#8221;.vc_custom_1645520014914{margin-bottom: 15px !important;}&#8221;] Os Nossos Servi\u00e7os [\/vc_column_text][\/vc_column][\/vc_row][vc_row][vc_column][vc_single_image image=&#8221;5424&#8243; img_size=&#8221;1000&#215;1000&#8243; css=&#8221;.vc_custom_1645520182730{margin-bottom: 0px !important;}&#8221;][\/vc_column][\/vc_row][vc_row parallax_enable=&#8221;yes&#8221; parallax_ratio=&#8221;0.7&#8243; css=&#8221;.vc_custom_1627394626078{margin-bottom: 0px !important;border-bottom-width: 1px !important;border-bottom-color: #ffffff !important;border-bottom-style: solid !important;}&#8221; el_class=&#8221;services-row&#8221;][vc_column width=&#8221;1\/2&#8243; reveal_effect=&#8221;fadeIn&#8221; reveal_duration=&#8221;1&#8243; offset=&#8221;vc_col-xs-12&#8243; css=&#8221;.vc_custom_1526912058775{padding-top: 0px !important;}&#8221;][\/vc_column][vc_column width=&#8221;1\/2&#8243; reveal_effect=&#8221;fadeIn&#8221; reveal_duration=&#8221;1&#8243; css=&#8221;.vc_custom_1526912063220{padding-top: 0px !important;}&#8221;][\/vc_column][\/vc_row][vc_row parallax_enable=&#8221;yes&#8221; parallax_ratio=&#8221;0.7&#8243; css=&#8221;.vc_custom_1627395546810{margin-top: -60px !important;margin-bottom: 0px !important;border-bottom-width:&hellip;","og_url":"https:\/\/a43.pt\/services\/","og_site_name":"A43","article_publisher":"https:\/\/www.facebook.com\/a43.pt","article_modified_time":"2024-10-25T11:58:31+00:00","og_image":[{"width":1000,"height":1000,"url":"http:\/\/a43.pt\/wp-content\/uploads\/2021\/06\/about_us.jpg","type":"image\/jpeg"}],"twitter_card":"summary_large_image","twitter_misc":{"Tempo estimado de leitura":"4 minutos"},"schema":{"@context":"https:\/\/schema.org","@graph":[{"@type":"WebPage","@id":"https:\/\/a43.pt\/services\/","url":"https:\/\/a43.pt\/services\/","name":"Servi\u00e7os - A43","isPartOf":{"@id":"https:\/\/a43.pt\/#website"},"primaryImageOfPage":{"@id":"https:\/\/a43.pt\/services\/#primaryimage"},"image":{"@id":"https:\/\/a43.pt\/services\/#primaryimage"},"thumbnailUrl":"https:\/\/a43.pt\/wp-content\/uploads\/2021\/06\/about_us.jpg","datePublished":"2021-07-27T13:33:07+00:00","dateModified":"2024-10-25T11:58:31+00:00","breadcrumb":{"@id":"https:\/\/a43.pt\/services\/#breadcrumb"},"inLanguage":"pt-PT","potentialAction":[{"@type":"ReadAction","target":["https:\/\/a43.pt\/services\/"]}]},{"@type":"ImageObject","inLanguage":"pt-PT","@id":"https:\/\/a43.pt\/services\/#primaryimage","url":"https:\/\/a43.pt\/wp-content\/uploads\/2021\/06\/about_us.jpg","contentUrl":"https:\/\/a43.pt\/wp-content\/uploads\/2021\/06\/about_us.jpg","width":1000,"height":1000},{"@type":"BreadcrumbList","@id":"https:\/\/a43.pt\/services\/#breadcrumb","itemListElement":[{"@type":"ListItem","position":1,"name":"Home","item":"https:\/\/a43.pt\/"},{"@type":"ListItem","position":2,"name":"Servi\u00e7os"}]},{"@type":"WebSite","@id":"https:\/\/a43.pt\/#website","url":"https:\/\/a43.pt\/","name":"A43","description":"We believe in Architecture and we are passioned by the human behavior in it!","publisher":{"@id":"https:\/\/a43.pt\/#organization"},"potentialAction":[{"@type":"SearchAction","target":{"@type":"EntryPoint","urlTemplate":"https:\/\/a43.pt\/?s={search_term_string}"},"query-input":{"@type":"PropertyValueSpecification","valueRequired":true,"valueName":"search_term_string"}}],"inLanguage":"pt-PT"},{"@type":"Organization","@id":"https:\/\/a43.pt\/#organization","name":"A43","url":"https:\/\/a43.pt\/","logo":{"@type":"ImageObject","inLanguage":"pt-PT","@id":"https:\/\/a43.pt\/#\/schema\/logo\/image\/","url":"http:\/\/a43.pt\/wp-content\/uploads\/2022\/03\/Logo-pretosem-fundo.png","contentUrl":"http:\/\/a43.pt\/wp-content\/uploads\/2022\/03\/Logo-pretosem-fundo.png","width":340,"height":149,"caption":"A43"},"image":{"@id":"https:\/\/a43.pt\/#\/schema\/logo\/image\/"},"sameAs":["https:\/\/www.facebook.com\/a43.pt","https:\/\/www.instagram.com\/a43_architecture\/","https:\/\/www.linkedin.com\/company\/a43\/","https:\/\/www.youtube.com\/channel\/UCVBugiOuxLz5qkZaqMfe7_w"]}]}},"acf":[],"_links":{"self":[{"href":"https:\/\/a43.pt\/pt-pt\/wp-json\/wp\/v2\/pages\/5891","targetHints":{"allow":["GET"]}}],"collection":[{"href":"https:\/\/a43.pt\/pt-pt\/wp-json\/wp\/v2\/pages"}],"about":[{"href":"https:\/\/a43.pt\/pt-pt\/wp-json\/wp\/v2\/types\/page"}],"author":[{"embeddable":true,"href":"https:\/\/a43.pt\/pt-pt\/wp-json\/wp\/v2\/users\/10"}],"replies":[{"embeddable":true,"href":"https:\/\/a43.pt\/pt-pt\/wp-json\/wp\/v2\/comments?post=5891"}],"version-history":[{"count":2,"href":"https:\/\/a43.pt\/pt-pt\/wp-json\/wp\/v2\/pages\/5891\/revisions"}],"predecessor-version":[{"id":6496,"href":"https:\/\/a43.pt\/pt-pt\/wp-json\/wp\/v2\/pages\/5891\/revisions\/6496"}],"wp:featuredmedia":[{"embeddable":true,"href":"https:\/\/a43.pt\/pt-pt\/wp-json\/wp\/v2\/media\/5701"}],"wp:attachment":[{"href":"https:\/\/a43.pt\/pt-pt\/wp-json\/wp\/v2\/media?parent=5891"}],"curies":[{"name":"wp","href":"https:\/\/api.w.org\/{rel}","templated":true}]}}