{"id":6436,"date":"2022-09-13T16:17:30","date_gmt":"2022-09-13T16:17:30","guid":{"rendered":"https:\/\/a43.pt\/a-equipa\/"},"modified":"2026-03-18T17:00:41","modified_gmt":"2026-03-18T17:00:41","slug":"a-equipa","status":"publish","type":"page","link":"https:\/\/a43.pt\/pt-pt\/a-equipa\/","title":{"rendered":"A Equipa"},"content":{"rendered":"<p>[vc_row][vc_column][vc_row_inner el_class=&#8221;members&#8221;][vc_column_inner width=&#8221;1\/2&#8243;][vc_column_text]<\/p>\n<h2>A Equipa<\/h2>\n<p>&nbsp;<\/p>\n<p>Junt\u00e1mo-nos a partir de muitas experi\u00eancias diferentes, unidos pela paix\u00e3o de trabalhar criticamente &#8211; e com curiosidade, integridade e camaradagem.<\/p>\n<p>O objectivo comum: conceber solu\u00e7\u00f5es elegantes, eficazes e ambientalmente sens\u00edveis para um leque intencionalmente alargado de clientes.[\/vc_column_text][\/vc_column_inner][vc_column_inner el_class=&#8221;team-member&#8221; width=&#8221;1\/2&#8243;][vc_single_image image=&#8221;6065&#8243; img_size=&#8221;800&#215;600&#8243; alignment=&#8221;center&#8221; css_animation=&#8221;none&#8221; el_class=&#8221;hover-effect01&#8243; css=&#8221;.vc_custom_1663337293074{background-image: url(http:\/\/a43.pt\/wp-content\/uploads\/2022\/09\/fernado_cor.jpg?id=6142) !important;background-position: center !important;background-repeat: no-repeat !important;background-size: contain !important;}&#8221;][vc_custom_heading text=&#8221;Fernando Mendes&#8221; font_container=&#8221;tag:h4|font_size:22|text_align:left&#8221; use_theme_fonts=&#8221;yes&#8221;][vc_column_text css=&#8221;.vc_custom_1626440721963{margin-bottom: 0px !important;}&#8221;]CEO \/ Arquiteto[\/vc_column_text][\/vc_column_inner][\/vc_row_inner][vc_row_inner][vc_column_inner el_class=&#8221;team-member&#8221; width=&#8221;1\/2&#8243;][vc_single_image image=&#8221;6566&#8243; img_size=&#8221;800&#215;600&#8243; alignment=&#8221;center&#8221; css_animation=&#8221;none&#8221; el_class=&#8221;hover-effect01&#8243; css=&#8221;.vc_custom_1758287181270{background-image: url(http:\/\/a43.pt\/wp-content\/uploads\/2025\/09\/JessicaTeixeira-A43-2.jpg?id=6564) !important;background-position: center !important;background-repeat: no-repeat !important;background-size: contain !important;}&#8221;][vc_custom_heading text=&#8221;J\u00e9ssica Teixeira&#8221; font_container=&#8221;tag:h4|font_size:22|text_align:left&#8221; use_theme_fonts=&#8221;yes&#8221;][vc_column_text css=&#8221;.vc_custom_1758115494423{margin-bottom: 0px !important;}&#8221;]Arquiteta[\/vc_column_text][\/vc_column_inner][vc_column_inner el_class=&#8221;team-member&#8221; width=&#8221;1\/2&#8243;][vc_single_image image=&#8221;6429&#8243; img_size=&#8221;800&#215;600&#8243; alignment=&#8221;center&#8221; css_animation=&#8221;none&#8221; el_class=&#8221;hover-effect01&#8243; css=&#8221;.vc_custom_1708688103464{background-image: url(http:\/\/a43.pt\/wp-content\/uploads\/2024\/02\/RuteMorais.jpg?id=6427) !important;background-position: center !important;background-repeat: no-repeat !important;background-size: contain !important;}&#8221;][vc_custom_heading text=&#8221;Rute Morais&#8221; font_container=&#8221;tag:h4|font_size:22|text_align:left&#8221; use_theme_fonts=&#8221;yes&#8221;][vc_column_text css=&#8221;.vc_custom_1758115501327{margin-bottom: 0px !important;}&#8221;]Arquiteta[\/vc_column_text][\/vc_column_inner][\/vc_row_inner][vc_row_inner][vc_column_inner el_class=&#8221;team-member&#8221; width=&#8221;1\/2&#8243;][vc_single_image image=&#8221;6549&#8243; img_size=&#8221;800&#215;600&#8243; alignment=&#8221;center&#8221; css_animation=&#8221;none&#8221; el_class=&#8221;hover-effect01&#8243; css=&#8221;.vc_custom_1758186516568{background-image: url(http:\/\/a43.pt\/wp-content\/uploads\/2025\/09\/ThaisZulianello-A43-1.jpg?id=6551) !important;background-position: center !important;background-repeat: no-repeat !important;background-size: contain !important;}&#8221;][vc_custom_heading text=&#8221;Thais Zulianello&#8221; font_container=&#8221;tag:h4|font_size:22|text_align:left&#8221; use_theme_fonts=&#8221;yes&#8221;][vc_column_text css=&#8221;.vc_custom_1758118500822{margin-bottom: 0px !important;}&#8221;]Arquiteta[\/vc_column_text][\/vc_column_inner][vc_column_inner el_class=&#8221;team-member&#8221; width=&#8221;1\/2&#8243;][vc_single_image image=&#8221;6470&#8243; img_size=&#8221;800&#215;600&#8243; alignment=&#8221;center&#8221; css_animation=&#8221;none&#8221; el_class=&#8221;hover-effect01&#8243; css=&#8221;.vc_custom_1758119138588{background-image: url(http:\/\/a43.pt\/wp-content\/uploads\/2024\/07\/Paulo-Amuy-2.jpg?id=6468) !important;background-position: center !important;background-repeat: no-repeat !important;background-size: contain !important;}&#8221;][vc_custom_heading text=&#8221;Paulo Amuy&#8221; font_container=&#8221;tag:h4|font_size:22|text_align:left&#8221; use_theme_fonts=&#8221;yes&#8221;][vc_column_text css=&#8221;.vc_custom_1758119098156{margin-bottom: 0px !important;}&#8221;]<span class=\"SpellingError SCXW237438280 BCX0\">Arquiteto Junior<\/span>[\/vc_column_text][\/vc_column_inner][\/vc_row_inner][vc_row_inner][vc_column_inner el_class=&#8221;team-member&#8221; width=&#8221;1\/2&#8243;][vc_single_image image=&#8221;6466&#8243; img_size=&#8221;800&#215;600&#8243; alignment=&#8221;center&#8221; css_animation=&#8221;none&#8221; el_class=&#8221;hover-effect01&#8243; css=&#8221;.vc_custom_1758119083606{background-image: url(http:\/\/a43.pt\/wp-content\/uploads\/2024\/07\/Filipe-Freitas-2.jpg?id=6472) !important;background-position: center !important;background-repeat: no-repeat !important;background-size: contain !important;}&#8221;][vc_custom_heading text=&#8221;Filipe Ramos&#8221; font_container=&#8221;tag:h4|font_size:22|text_align:left&#8221; use_theme_fonts=&#8221;yes&#8221;][vc_column_text css=&#8221;.vc_custom_1758119053511{margin-bottom: 0px !important;}&#8221;]<span class=\"SpellingError SCXW237438280 BCX0\">Arquiteto Junior<\/span>[\/vc_column_text][\/vc_column_inner][vc_column_inner el_class=&#8221;team-member&#8221; width=&#8221;1\/2&#8243;][vc_single_image image=&#8221;6544&#8243; img_size=&#8221;800&#215;600&#8243; alignment=&#8221;center&#8221; css_animation=&#8221;none&#8221; el_class=&#8221;hover-effect01&#8243; css=&#8221;.vc_custom_1758186146774{background-image: url(http:\/\/a43.pt\/wp-content\/uploads\/2025\/09\/Mary_Cara_Linda-A43-1.jpg?id=6546) !important;background-position: center !important;background-repeat: no-repeat !important;background-size: contain !important;}&#8221;][vc_custom_heading text=&#8221;Mary Melim&#8221; font_container=&#8221;tag:h4|font_size:22|text_align:left&#8221; use_theme_fonts=&#8221;yes&#8221;][vc_column_text css=&#8221;.vc_custom_1758117695611{margin-bottom: 0px !important;}&#8221;]<span class=\"TextRun SCXW265893363 BCX0\" lang=\"PT-PT\" xml:lang=\"PT-PT\" data-contrast=\"none\"><span class=\"NormalTextRun SCXW265893363 BCX0\">Designer de Interiores<\/span><\/span>[\/vc_column_text][\/vc_column_inner][\/vc_row_inner][vc_row_inner][vc_column_inner el_class=&#8221;team-member&#8221; width=&#8221;1\/2&#8243;][vc_single_image image=&#8221;6125&#8243; img_size=&#8221;800&#215;600&#8243; alignment=&#8221;center&#8221; css_animation=&#8221;none&#8221; el_class=&#8221;hover-effect01&#8243; css=&#8221;.vc_custom_1663336591933{background-image: url(http:\/\/a43.pt\/wp-content\/uploads\/2022\/09\/gabriel_cor.jpg?id=6127) !important;background-position: center !important;background-repeat: no-repeat !important;background-size: contain !important;}&#8221;][vc_custom_heading text=&#8221;Gabriel Martins&#8221; font_container=&#8221;tag:h4|font_size:22|text_align:left&#8221; use_theme_fonts=&#8221;yes&#8221;][vc_column_text css=&#8221;.vc_custom_1665478744033{margin-bottom: 0px !important;}&#8221;]3D Artist[\/vc_column_text][\/vc_column_inner][vc_column_inner el_class=&#8221;team-member&#8221; width=&#8221;1\/2&#8243;][vc_single_image image=&#8221;6539&#8243; img_size=&#8221;800&#215;600&#8243; alignment=&#8221;center&#8221; css_animation=&#8221;none&#8221; el_class=&#8221;hover-effect01&#8243; css=&#8221;.vc_custom_1758185698942{background-image: url(http:\/\/a43.pt\/wp-content\/uploads\/2025\/09\/MariaJoaoLima-1.jpg?id=6541) !important;background-position: center !important;background-repeat: no-repeat !important;background-size: contain !important;}&#8221;][vc_custom_heading text=&#8221;Maria Joa\u0303o Lima&#8221; font_container=&#8221;tag:h4|font_size:22|text_align:left&#8221; use_theme_fonts=&#8221;yes&#8221;][vc_column_text css=&#8221;.vc_custom_1626442135855{margin-bottom: 0px !important;}&#8221;]<span class=\"TextRun SCXW265893363 BCX0\" lang=\"PT-PT\" xml:lang=\"PT-PT\" data-contrast=\"none\"><span class=\"NormalTextRun SCXW265893363 BCX0\">Designer de Interiores<\/span><\/span>[\/vc_column_text][\/vc_column_inner][\/vc_row_inner][vc_row_inner][vc_column_inner el_class=&#8221;team-member&#8221; width=&#8221;1\/2&#8243;][vc_single_image image=&#8221;6555&#8243; img_size=&#8221;800&#215;600&#8243; alignment=&#8221;center&#8221; css_animation=&#8221;none&#8221; el_class=&#8221;hover-effect01&#8243; css=&#8221;.vc_custom_1758186721547{background-image: url(http:\/\/a43.pt\/wp-content\/uploads\/2025\/09\/VitoriaMasstalerz.-A43.jpg?id=6557) !important;background-position: center !important;background-repeat: no-repeat !important;background-size: contain !important;}&#8221;][vc_custom_heading text=&#8221;Vitoria Masstalerz&#8221; font_container=&#8221;tag:h4|font_size:22|text_align:left&#8221; use_theme_fonts=&#8221;yes&#8221;][vc_column_text css=&#8221;.vc_custom_1758287013218{margin-bottom: 0px !important;}&#8221;]<span data-teams=\"true\">Project and Strategy Manager<\/span>[\/vc_column_text][\/vc_column_inner][vc_column_inner el_class=&#8221;team-member&#8221; width=&#8221;1\/2&#8243;][vc_single_image image=&#8221;6078&#8243; img_size=&#8221;800&#215;600&#8243; alignment=&#8221;center&#8221; css_animation=&#8221;none&#8221; el_class=&#8221;hover-effect01&#8243; css=&#8221;.vc_custom_1663337759041{background-image: url(http:\/\/a43.pt\/wp-content\/uploads\/2022\/09\/sandra_cor.jpg?id=6148) !important;background-position: center !important;background-repeat: no-repeat !important;background-size: contain !important;}&#8221;][vc_custom_heading text=&#8221;Sandra Portela&#8221; font_container=&#8221;tag:h4|font_size:22|text_align:left&#8221; use_theme_fonts=&#8221;yes&#8221;][vc_column_text css=&#8221;.vc_custom_1626441509412{margin-bottom: 0px !important;}&#8221;]Administrativa[\/vc_column_text][\/vc_column_inner][\/vc_row_inner][\/vc_column][\/vc_row]<\/p>\n","protected":false},"excerpt":{"rendered":"<p>[vc_row][vc_column][vc_row_inner el_class=&#8221;members&#8221;][vc_column_inner width=&#8221;1\/2&#8243;][vc_column_text] A Equipa &nbsp; Junt\u00e1mo-nos a partir de muitas experi\u00eancias diferentes, unidos pela paix\u00e3o de trabalhar criticamente &#8211; e com curiosidade, integridade e camaradagem. O objectivo comum: conceber solu\u00e7\u00f5es elegantes, eficazes e ambientalmente sens\u00edveis para um leque intencionalmente alargado de clientes.[\/vc_column_text][\/vc_column_inner][vc_column_inner el_class=&#8221;team-member&#8221; width=&#8221;1\/2&#8243;][vc_single_image image=&#8221;6065&#8243; img_size=&#8221;800&#215;600&#8243; alignment=&#8221;center&#8221; css_animation=&#8221;none&#8221; el_class=&#8221;hover-effect01&#8243; css=&#8221;.vc_custom_1663337293074{background-image: url(http:\/\/a43.pt\/wp-content\/uploads\/2022\/09\/fernado_cor.jpg?id=6142) !important;background-position: center !important;background-repeat:&hellip;<\/p>\n","protected":false},"author":10,"featured_media":0,"parent":0,"menu_order":0,"comment_status":"open","ping_status":"closed","template":"","meta":{"footnotes":""},"class_list":["post-6436","page","type-page","status-publish","hentry"],"yoast_head":"<!-- This site is optimized with the Yoast SEO plugin v27.2 - https:\/\/yoast.com\/product\/yoast-seo-wordpress\/ -->\n<title>A Equipa - A43<\/title>\n<meta name=\"robots\" content=\"index, follow, max-snippet:-1, max-image-preview:large, max-video-preview:-1\" \/>\n<link rel=\"canonical\" href=\"https:\/\/a43.pt\/pt-pt\/a-equipa\/\" \/>\n<meta property=\"og:locale\" content=\"pt_PT\" \/>\n<meta property=\"og:type\" content=\"article\" \/>\n<meta property=\"og:title\" content=\"A Equipa - A43\" \/>\n<meta property=\"og:description\" content=\"[vc_row][vc_column][vc_row_inner el_class=&#8221;members&#8221;][vc_column_inner width=&#8221;1\/2&#8243;][vc_column_text] A Equipa &nbsp; Junt\u00e1mo-nos a partir de muitas experi\u00eancias diferentes, unidos pela paix\u00e3o de trabalhar criticamente &#8211; e com curiosidade, integridade e camaradagem. O objectivo comum: conceber solu\u00e7\u00f5es elegantes, eficazes e ambientalmente sens\u00edveis para um leque intencionalmente alargado de clientes.[\/vc_column_text][\/vc_column_inner][vc_column_inner el_class=&#8221;team-member&#8221; width=&#8221;1\/2&#8243;][vc_single_image image=&#8221;6065&#8243; img_size=&#8221;800&#215;600&#8243; alignment=&#8221;center&#8221; css_animation=&#8221;none&#8221; el_class=&#8221;hover-effect01&#8243; css=&#8221;.vc_custom_1663337293074{background-image: url(http:\/\/a43.pt\/wp-content\/uploads\/2022\/09\/fernado_cor.jpg?id=6142) !important;background-position: center !important;background-repeat:&hellip;\" \/>\n<meta property=\"og:url\" content=\"https:\/\/a43.pt\/pt-pt\/a-equipa\/\" \/>\n<meta property=\"og:site_name\" content=\"A43\" \/>\n<meta property=\"article:publisher\" content=\"https:\/\/www.facebook.com\/a43.pt\" \/>\n<meta property=\"article:modified_time\" content=\"2026-03-18T17:00:41+00:00\" \/>\n<meta property=\"og:image\" content=\"https:\/\/a43.pt\/wp-content\/uploads\/2022\/02\/271884122_257255629853135_541085647958833298_n.jpg\" \/>\n\t<meta property=\"og:image:width\" content=\"1080\" \/>\n\t<meta property=\"og:image:height\" content=\"1350\" \/>\n\t<meta property=\"og:image:type\" content=\"image\/jpeg\" \/>\n<meta name=\"twitter:card\" content=\"summary_large_image\" \/>\n<meta name=\"twitter:label1\" content=\"Tempo estimado de leitura\" \/>\n\t<meta name=\"twitter:data1\" content=\"2 minutos\" \/>\n<script type=\"application\/ld+json\" class=\"yoast-schema-graph\">{\"@context\":\"https:\/\/schema.org\",\"@graph\":[{\"@type\":\"WebPage\",\"@id\":\"https:\/\/a43.pt\/pt-pt\/a-equipa\/\",\"url\":\"https:\/\/a43.pt\/pt-pt\/a-equipa\/\",\"name\":\"A Equipa - A43\",\"isPartOf\":{\"@id\":\"https:\/\/a43.pt\/#website\"},\"datePublished\":\"2022-09-13T16:17:30+00:00\",\"dateModified\":\"2026-03-18T17:00:41+00:00\",\"breadcrumb\":{\"@id\":\"https:\/\/a43.pt\/pt-pt\/a-equipa\/#breadcrumb\"},\"inLanguage\":\"pt-PT\",\"potentialAction\":[{\"@type\":\"ReadAction\",\"target\":[\"https:\/\/a43.pt\/pt-pt\/a-equipa\/\"]}]},{\"@type\":\"BreadcrumbList\",\"@id\":\"https:\/\/a43.pt\/pt-pt\/a-equipa\/#breadcrumb\",\"itemListElement\":[{\"@type\":\"ListItem\",\"position\":1,\"name\":\"Home\",\"item\":\"https:\/\/a43.pt\/\"},{\"@type\":\"ListItem\",\"position\":2,\"name\":\"A Equipa\"}]},{\"@type\":\"WebSite\",\"@id\":\"https:\/\/a43.pt\/#website\",\"url\":\"https:\/\/a43.pt\/\",\"name\":\"A43\",\"description\":\"We believe in Architecture and we are passioned by the human behavior in it!\",\"publisher\":{\"@id\":\"https:\/\/a43.pt\/#organization\"},\"potentialAction\":[{\"@type\":\"SearchAction\",\"target\":{\"@type\":\"EntryPoint\",\"urlTemplate\":\"https:\/\/a43.pt\/?s={search_term_string}\"},\"query-input\":{\"@type\":\"PropertyValueSpecification\",\"valueRequired\":true,\"valueName\":\"search_term_string\"}}],\"inLanguage\":\"pt-PT\"},{\"@type\":\"Organization\",\"@id\":\"https:\/\/a43.pt\/#organization\",\"name\":\"A43\",\"url\":\"https:\/\/a43.pt\/\",\"logo\":{\"@type\":\"ImageObject\",\"inLanguage\":\"pt-PT\",\"@id\":\"https:\/\/a43.pt\/#\/schema\/logo\/image\/\",\"url\":\"http:\/\/a43.pt\/wp-content\/uploads\/2022\/03\/Logo-pretosem-fundo.png\",\"contentUrl\":\"http:\/\/a43.pt\/wp-content\/uploads\/2022\/03\/Logo-pretosem-fundo.png\",\"width\":340,\"height\":149,\"caption\":\"A43\"},\"image\":{\"@id\":\"https:\/\/a43.pt\/#\/schema\/logo\/image\/\"},\"sameAs\":[\"https:\/\/www.facebook.com\/a43.pt\",\"https:\/\/www.instagram.com\/a43_architecture\/\",\"https:\/\/www.linkedin.com\/company\/a43\/\",\"https:\/\/www.youtube.com\/channel\/UCVBugiOuxLz5qkZaqMfe7_w\"]}]}<\/script>\n<!-- \/ Yoast SEO plugin. -->","yoast_head_json":{"title":"A Equipa - A43","robots":{"index":"index","follow":"follow","max-snippet":"max-snippet:-1","max-image-preview":"max-image-preview:large","max-video-preview":"max-video-preview:-1"},"canonical":"https:\/\/a43.pt\/pt-pt\/a-equipa\/","og_locale":"pt_PT","og_type":"article","og_title":"A Equipa - A43","og_description":"[vc_row][vc_column][vc_row_inner el_class=&#8221;members&#8221;][vc_column_inner width=&#8221;1\/2&#8243;][vc_column_text] A Equipa &nbsp; Junt\u00e1mo-nos a partir de muitas experi\u00eancias diferentes, unidos pela paix\u00e3o de trabalhar criticamente &#8211; e com curiosidade, integridade e camaradagem. O objectivo comum: conceber solu\u00e7\u00f5es elegantes, eficazes e ambientalmente sens\u00edveis para um leque intencionalmente alargado de clientes.[\/vc_column_text][\/vc_column_inner][vc_column_inner el_class=&#8221;team-member&#8221; width=&#8221;1\/2&#8243;][vc_single_image image=&#8221;6065&#8243; img_size=&#8221;800&#215;600&#8243; alignment=&#8221;center&#8221; css_animation=&#8221;none&#8221; el_class=&#8221;hover-effect01&#8243; css=&#8221;.vc_custom_1663337293074{background-image: url(http:\/\/a43.pt\/wp-content\/uploads\/2022\/09\/fernado_cor.jpg?id=6142) !important;background-position: center !important;background-repeat:&hellip;","og_url":"https:\/\/a43.pt\/pt-pt\/a-equipa\/","og_site_name":"A43","article_publisher":"https:\/\/www.facebook.com\/a43.pt","article_modified_time":"2026-03-18T17:00:41+00:00","og_image":[{"width":1080,"height":1350,"url":"https:\/\/a43.pt\/wp-content\/uploads\/2022\/02\/271884122_257255629853135_541085647958833298_n.jpg","type":"image\/jpeg"}],"twitter_card":"summary_large_image","twitter_misc":{"Tempo estimado de leitura":"2 minutos"},"schema":{"@context":"https:\/\/schema.org","@graph":[{"@type":"WebPage","@id":"https:\/\/a43.pt\/pt-pt\/a-equipa\/","url":"https:\/\/a43.pt\/pt-pt\/a-equipa\/","name":"A Equipa - A43","isPartOf":{"@id":"https:\/\/a43.pt\/#website"},"datePublished":"2022-09-13T16:17:30+00:00","dateModified":"2026-03-18T17:00:41+00:00","breadcrumb":{"@id":"https:\/\/a43.pt\/pt-pt\/a-equipa\/#breadcrumb"},"inLanguage":"pt-PT","potentialAction":[{"@type":"ReadAction","target":["https:\/\/a43.pt\/pt-pt\/a-equipa\/"]}]},{"@type":"BreadcrumbList","@id":"https:\/\/a43.pt\/pt-pt\/a-equipa\/#breadcrumb","itemListElement":[{"@type":"ListItem","position":1,"name":"Home","item":"https:\/\/a43.pt\/"},{"@type":"ListItem","position":2,"name":"A Equipa"}]},{"@type":"WebSite","@id":"https:\/\/a43.pt\/#website","url":"https:\/\/a43.pt\/","name":"A43","description":"We believe in Architecture and we are passioned by the human behavior in it!","publisher":{"@id":"https:\/\/a43.pt\/#organization"},"potentialAction":[{"@type":"SearchAction","target":{"@type":"EntryPoint","urlTemplate":"https:\/\/a43.pt\/?s={search_term_string}"},"query-input":{"@type":"PropertyValueSpecification","valueRequired":true,"valueName":"search_term_string"}}],"inLanguage":"pt-PT"},{"@type":"Organization","@id":"https:\/\/a43.pt\/#organization","name":"A43","url":"https:\/\/a43.pt\/","logo":{"@type":"ImageObject","inLanguage":"pt-PT","@id":"https:\/\/a43.pt\/#\/schema\/logo\/image\/","url":"http:\/\/a43.pt\/wp-content\/uploads\/2022\/03\/Logo-pretosem-fundo.png","contentUrl":"http:\/\/a43.pt\/wp-content\/uploads\/2022\/03\/Logo-pretosem-fundo.png","width":340,"height":149,"caption":"A43"},"image":{"@id":"https:\/\/a43.pt\/#\/schema\/logo\/image\/"},"sameAs":["https:\/\/www.facebook.com\/a43.pt","https:\/\/www.instagram.com\/a43_architecture\/","https:\/\/www.linkedin.com\/company\/a43\/","https:\/\/www.youtube.com\/channel\/UCVBugiOuxLz5qkZaqMfe7_w"]}]}},"acf":[],"_links":{"self":[{"href":"https:\/\/a43.pt\/pt-pt\/wp-json\/wp\/v2\/pages\/6436","targetHints":{"allow":["GET"]}}],"collection":[{"href":"https:\/\/a43.pt\/pt-pt\/wp-json\/wp\/v2\/pages"}],"about":[{"href":"https:\/\/a43.pt\/pt-pt\/wp-json\/wp\/v2\/types\/page"}],"author":[{"embeddable":true,"href":"https:\/\/a43.pt\/pt-pt\/wp-json\/wp\/v2\/users\/10"}],"replies":[{"embeddable":true,"href":"https:\/\/a43.pt\/pt-pt\/wp-json\/wp\/v2\/comments?post=6436"}],"version-history":[{"count":30,"href":"https:\/\/a43.pt\/pt-pt\/wp-json\/wp\/v2\/pages\/6436\/revisions"}],"predecessor-version":[{"id":6698,"href":"https:\/\/a43.pt\/pt-pt\/wp-json\/wp\/v2\/pages\/6436\/revisions\/6698"}],"wp:attachment":[{"href":"https:\/\/a43.pt\/pt-pt\/wp-json\/wp\/v2\/media?parent=6436"}],"curies":[{"name":"wp","href":"https:\/\/api.w.org\/{rel}","templated":true}]}}