{"id":6673,"date":"2026-03-18T15:51:25","date_gmt":"2026-03-18T15:51:25","guid":{"rendered":"https:\/\/a43.pt\/arquiteto\/"},"modified":"2026-03-18T16:01:11","modified_gmt":"2026-03-18T16:01:11","slug":"arquiteto","status":"publish","type":"page","link":"https:\/\/a43.pt\/pt-pt\/arquiteto\/","title":{"rendered":"Arquiteto"},"content":{"rendered":"<p>[vc_row][vc_column width=&#8221;1\/2&#8243;][vc_custom_heading text=&#8221;<\/p>\n<h2>Arquiteto\/a S\u00e9nior<\/h2>\n<p>&#8220;][\/vc_column][\/vc_row][vc_row][vc_column][vc_column_text]A A43 est\u00e1 \u00e0 procura de um(a) Arquiteto\/a S\u00e9nior com experi\u00eancia no desenvolvimento de Projeto de Execu\u00e7\u00e3o e Acompanhamento de Obra.<\/p>\n<p>&nbsp;<\/p>\n<p>Procuramos colaboradores eficientes, com capacidade de report e foco no servi\u00e7o ao cliente.<\/p>\n<p>\u00c9 essencial para esta posi\u00e7\u00e3o a capacidade de resolver problemas, estar dispon\u00edvel para investiga\u00e7\u00e3o, desenvolvimento conceptual e gerir o tempo de forma eficaz.<\/p>\n<p>Os nossos colaboradores s\u00e3o de confian\u00e7a, organizados e alinhados com a vis\u00e3o da A43.<\/p>\n<p>&nbsp;<\/p>\n<p><strong>Principais tarefas e responsabilidades:<\/strong><\/p>\n<ul>\n<li>Atuar no desenvolvimento de cada projeto, da conce\u00e7\u00e3o focada no projeto de execu\u00e7\u00e3o ao acompanhamento de obra;<\/li>\n<li>Elaborar desenhos desde o esbo\u00e7o ao REVIT;<\/li>\n<li>Elaborar o desenvolvimento do Design e da apresenta\u00e7\u00e3o de projeto;<\/li>\n<li>Desenvolver detalhes construtivos;<\/li>\n<li>Cumprir a calendariza\u00e7\u00e3o de acordo com diretrizes;<\/li>\n<li>Comunicar com Clientes.<\/li>\n<\/ul>\n<p>&nbsp;<\/p>\n<p><span data-teams=\"true\"><strong>Qualifica\u00e7\u00f5es e compet\u00eancias necess\u00e1rias:<\/strong><\/span><\/p>\n<ul>\n<li>Licenciatura\/Mestrado em arquitetura;<\/li>\n<li>No m\u00ednimo 5 a 8 anos de experi\u00eancia em projetos de arquitetura ou apresentar patamar t\u00e9cnico desejado;<\/li>\n<li>Esp\u00edrito de equipa;<\/li>\n<li>Gosto e experi\u00eancia em desenvolvimento da parte construtiva \/ materializa\u00e7\u00e3o dos edif\u00edcios (fator eliminat\u00f3rio);<\/li>\n<li>Conhecimentos de REVIT (fator eliminat\u00f3rio);<\/li>\n<li>Motiva\u00e7\u00e3o para atingir resultados de qualidade em tempo \u00fatil;<\/li>\n<li>Integridade &#8211; honestidade, abertura, \u00e9tica e justi\u00e7a nas rela\u00e7\u00f5es de trabalho.<\/li>\n<li>Excelente habilidade de comunica\u00e7\u00e3o escrita e falada para alinhar com as necessidades do cliente;<\/li>\n<li>Capacidade de organiza\u00e7\u00e3o e planeamento de tarefas;<\/li>\n<li>Atitude positiva diante de desafios.<\/li>\n<\/ul>\n<p>&nbsp;<\/p>\n<p><span data-teams=\"true\"><strong>Qualifica\u00e7\u00f5es e compet\u00eancias desej\u00e1veis:<\/strong><\/span><\/p>\n<ul>\n<li>Conhecimento escrito e falado de Portugu\u00eas e Ingl\u00eas;<\/li>\n<li>Possuir carta de condu\u00e7\u00e3o;<\/li>\n<li>Outras que o candidato\/a entenda relevantes.<\/li>\n<\/ul>\n<p>&nbsp;<\/p>\n<p><span data-teams=\"true\"><strong>O que vai encontrar na A43:<\/strong><\/span><\/p>\n<ul>\n<li>Plano de Desenvolvimento Individual a curto e longo prazo<\/li>\n<li>Aprendizagem Cont\u00ednua<\/li>\n<li>Projetos Desafiantes<\/li>\n<li>Seguro de Sa\u00fade<\/li>\n<li>Outros<\/li>\n<\/ul>\n<p>&nbsp;<\/p>\n<p><span data-teams=\"true\">A candidatura deve conter uma carta de apresenta\u00e7\u00e3o e no assunto do email deve identificar a vaga a que se candidata.<\/span><\/p>\n<p>Solicitamos envio de curriculum e portf\u00f3lio via wetransfer para a43@a43.pt.[\/vc_column_text][vc_btn title=&#8221;Enviar Email&#8221; link=&#8221;url:mailto%3Aa43%40a43.pt|target:_blank|&#8221;][\/vc_column][\/vc_row]<\/p>\n","protected":false},"excerpt":{"rendered":"<p>[vc_row][vc_column width=&#8221;1\/2&#8243;][vc_custom_heading text=&#8221; Arquiteto\/a S\u00e9nior &#8220;][\/vc_column][\/vc_row][vc_row][vc_column][vc_column_text]A A43 est\u00e1 \u00e0 procura de um(a) Arquiteto\/a S\u00e9nior com experi\u00eancia no desenvolvimento de Projeto de Execu\u00e7\u00e3o e Acompanhamento de Obra. &nbsp; Procuramos colaboradores eficientes, com capacidade de report e foco no servi\u00e7o ao cliente. \u00c9 essencial para esta posi\u00e7\u00e3o a capacidade de resolver problemas, estar dispon\u00edvel para investiga\u00e7\u00e3o, desenvolvimento&hellip;<\/p>\n","protected":false},"author":10,"featured_media":0,"parent":0,"menu_order":0,"comment_status":"closed","ping_status":"closed","template":"","meta":{"footnotes":""},"class_list":["post-6673","page","type-page","status-publish","hentry"],"yoast_head":"<!-- This site is optimized with the Yoast SEO plugin v27.2 - https:\/\/yoast.com\/product\/yoast-seo-wordpress\/ -->\n<title>Arquiteto - A43<\/title>\n<meta name=\"robots\" content=\"index, follow, max-snippet:-1, max-image-preview:large, max-video-preview:-1\" \/>\n<link rel=\"canonical\" href=\"https:\/\/a43.pt\/pt-pt\/arquiteto\/\" \/>\n<meta property=\"og:locale\" content=\"pt_PT\" \/>\n<meta property=\"og:type\" content=\"article\" \/>\n<meta property=\"og:title\" content=\"Arquiteto - A43\" \/>\n<meta property=\"og:description\" content=\"[vc_row][vc_column width=&#8221;1\/2&#8243;][vc_custom_heading text=&#8221; Arquiteto\/a S\u00e9nior &#8220;][\/vc_column][\/vc_row][vc_row][vc_column][vc_column_text]A A43 est\u00e1 \u00e0 procura de um(a) Arquiteto\/a S\u00e9nior com experi\u00eancia no desenvolvimento de Projeto de Execu\u00e7\u00e3o e Acompanhamento de Obra. &nbsp; Procuramos colaboradores eficientes, com capacidade de report e foco no servi\u00e7o ao cliente. \u00c9 essencial para esta posi\u00e7\u00e3o a capacidade de resolver problemas, estar dispon\u00edvel para investiga\u00e7\u00e3o, desenvolvimento&hellip;\" \/>\n<meta property=\"og:url\" content=\"https:\/\/a43.pt\/pt-pt\/arquiteto\/\" \/>\n<meta property=\"og:site_name\" content=\"A43\" \/>\n<meta property=\"article:publisher\" content=\"https:\/\/www.facebook.com\/a43.pt\" \/>\n<meta property=\"article:modified_time\" content=\"2026-03-18T16:01:11+00:00\" \/>\n<meta property=\"og:image\" content=\"https:\/\/a43.pt\/wp-content\/uploads\/2022\/02\/271884122_257255629853135_541085647958833298_n.jpg\" \/>\n\t<meta property=\"og:image:width\" content=\"1080\" \/>\n\t<meta property=\"og:image:height\" content=\"1350\" \/>\n\t<meta property=\"og:image:type\" content=\"image\/jpeg\" \/>\n<meta name=\"twitter:card\" content=\"summary_large_image\" \/>\n<meta name=\"twitter:label1\" content=\"Tempo estimado de leitura\" \/>\n\t<meta name=\"twitter:data1\" content=\"2 minutos\" \/>\n<script type=\"application\/ld+json\" class=\"yoast-schema-graph\">{\"@context\":\"https:\/\/schema.org\",\"@graph\":[{\"@type\":\"WebPage\",\"@id\":\"https:\/\/a43.pt\/pt-pt\/arquiteto\/\",\"url\":\"https:\/\/a43.pt\/pt-pt\/arquiteto\/\",\"name\":\"Arquiteto - A43\",\"isPartOf\":{\"@id\":\"https:\/\/a43.pt\/#website\"},\"datePublished\":\"2026-03-18T15:51:25+00:00\",\"dateModified\":\"2026-03-18T16:01:11+00:00\",\"breadcrumb\":{\"@id\":\"https:\/\/a43.pt\/pt-pt\/arquiteto\/#breadcrumb\"},\"inLanguage\":\"pt-PT\",\"potentialAction\":[{\"@type\":\"ReadAction\",\"target\":[\"https:\/\/a43.pt\/pt-pt\/arquiteto\/\"]}]},{\"@type\":\"BreadcrumbList\",\"@id\":\"https:\/\/a43.pt\/pt-pt\/arquiteto\/#breadcrumb\",\"itemListElement\":[{\"@type\":\"ListItem\",\"position\":1,\"name\":\"Home\",\"item\":\"https:\/\/a43.pt\/\"},{\"@type\":\"ListItem\",\"position\":2,\"name\":\"Arquiteto\"}]},{\"@type\":\"WebSite\",\"@id\":\"https:\/\/a43.pt\/#website\",\"url\":\"https:\/\/a43.pt\/\",\"name\":\"A43\",\"description\":\"We believe in Architecture and we are passioned by the human behavior in it!\",\"publisher\":{\"@id\":\"https:\/\/a43.pt\/#organization\"},\"potentialAction\":[{\"@type\":\"SearchAction\",\"target\":{\"@type\":\"EntryPoint\",\"urlTemplate\":\"https:\/\/a43.pt\/?s={search_term_string}\"},\"query-input\":{\"@type\":\"PropertyValueSpecification\",\"valueRequired\":true,\"valueName\":\"search_term_string\"}}],\"inLanguage\":\"pt-PT\"},{\"@type\":\"Organization\",\"@id\":\"https:\/\/a43.pt\/#organization\",\"name\":\"A43\",\"url\":\"https:\/\/a43.pt\/\",\"logo\":{\"@type\":\"ImageObject\",\"inLanguage\":\"pt-PT\",\"@id\":\"https:\/\/a43.pt\/#\/schema\/logo\/image\/\",\"url\":\"http:\/\/a43.pt\/wp-content\/uploads\/2022\/03\/Logo-pretosem-fundo.png\",\"contentUrl\":\"http:\/\/a43.pt\/wp-content\/uploads\/2022\/03\/Logo-pretosem-fundo.png\",\"width\":340,\"height\":149,\"caption\":\"A43\"},\"image\":{\"@id\":\"https:\/\/a43.pt\/#\/schema\/logo\/image\/\"},\"sameAs\":[\"https:\/\/www.facebook.com\/a43.pt\",\"https:\/\/www.instagram.com\/a43_architecture\/\",\"https:\/\/www.linkedin.com\/company\/a43\/\",\"https:\/\/www.youtube.com\/channel\/UCVBugiOuxLz5qkZaqMfe7_w\"]}]}<\/script>\n<!-- \/ Yoast SEO plugin. -->","yoast_head_json":{"title":"Arquiteto - A43","robots":{"index":"index","follow":"follow","max-snippet":"max-snippet:-1","max-image-preview":"max-image-preview:large","max-video-preview":"max-video-preview:-1"},"canonical":"https:\/\/a43.pt\/pt-pt\/arquiteto\/","og_locale":"pt_PT","og_type":"article","og_title":"Arquiteto - A43","og_description":"[vc_row][vc_column width=&#8221;1\/2&#8243;][vc_custom_heading text=&#8221; Arquiteto\/a S\u00e9nior &#8220;][\/vc_column][\/vc_row][vc_row][vc_column][vc_column_text]A A43 est\u00e1 \u00e0 procura de um(a) Arquiteto\/a S\u00e9nior com experi\u00eancia no desenvolvimento de Projeto de Execu\u00e7\u00e3o e Acompanhamento de Obra. &nbsp; Procuramos colaboradores eficientes, com capacidade de report e foco no servi\u00e7o ao cliente. \u00c9 essencial para esta posi\u00e7\u00e3o a capacidade de resolver problemas, estar dispon\u00edvel para investiga\u00e7\u00e3o, desenvolvimento&hellip;","og_url":"https:\/\/a43.pt\/pt-pt\/arquiteto\/","og_site_name":"A43","article_publisher":"https:\/\/www.facebook.com\/a43.pt","article_modified_time":"2026-03-18T16:01:11+00:00","og_image":[{"width":1080,"height":1350,"url":"https:\/\/a43.pt\/wp-content\/uploads\/2022\/02\/271884122_257255629853135_541085647958833298_n.jpg","type":"image\/jpeg"}],"twitter_card":"summary_large_image","twitter_misc":{"Tempo estimado de leitura":"2 minutos"},"schema":{"@context":"https:\/\/schema.org","@graph":[{"@type":"WebPage","@id":"https:\/\/a43.pt\/pt-pt\/arquiteto\/","url":"https:\/\/a43.pt\/pt-pt\/arquiteto\/","name":"Arquiteto - A43","isPartOf":{"@id":"https:\/\/a43.pt\/#website"},"datePublished":"2026-03-18T15:51:25+00:00","dateModified":"2026-03-18T16:01:11+00:00","breadcrumb":{"@id":"https:\/\/a43.pt\/pt-pt\/arquiteto\/#breadcrumb"},"inLanguage":"pt-PT","potentialAction":[{"@type":"ReadAction","target":["https:\/\/a43.pt\/pt-pt\/arquiteto\/"]}]},{"@type":"BreadcrumbList","@id":"https:\/\/a43.pt\/pt-pt\/arquiteto\/#breadcrumb","itemListElement":[{"@type":"ListItem","position":1,"name":"Home","item":"https:\/\/a43.pt\/"},{"@type":"ListItem","position":2,"name":"Arquiteto"}]},{"@type":"WebSite","@id":"https:\/\/a43.pt\/#website","url":"https:\/\/a43.pt\/","name":"A43","description":"We believe in Architecture and we are passioned by the human behavior in it!","publisher":{"@id":"https:\/\/a43.pt\/#organization"},"potentialAction":[{"@type":"SearchAction","target":{"@type":"EntryPoint","urlTemplate":"https:\/\/a43.pt\/?s={search_term_string}"},"query-input":{"@type":"PropertyValueSpecification","valueRequired":true,"valueName":"search_term_string"}}],"inLanguage":"pt-PT"},{"@type":"Organization","@id":"https:\/\/a43.pt\/#organization","name":"A43","url":"https:\/\/a43.pt\/","logo":{"@type":"ImageObject","inLanguage":"pt-PT","@id":"https:\/\/a43.pt\/#\/schema\/logo\/image\/","url":"http:\/\/a43.pt\/wp-content\/uploads\/2022\/03\/Logo-pretosem-fundo.png","contentUrl":"http:\/\/a43.pt\/wp-content\/uploads\/2022\/03\/Logo-pretosem-fundo.png","width":340,"height":149,"caption":"A43"},"image":{"@id":"https:\/\/a43.pt\/#\/schema\/logo\/image\/"},"sameAs":["https:\/\/www.facebook.com\/a43.pt","https:\/\/www.instagram.com\/a43_architecture\/","https:\/\/www.linkedin.com\/company\/a43\/","https:\/\/www.youtube.com\/channel\/UCVBugiOuxLz5qkZaqMfe7_w"]}]}},"acf":[],"_links":{"self":[{"href":"https:\/\/a43.pt\/pt-pt\/wp-json\/wp\/v2\/pages\/6673","targetHints":{"allow":["GET"]}}],"collection":[{"href":"https:\/\/a43.pt\/pt-pt\/wp-json\/wp\/v2\/pages"}],"about":[{"href":"https:\/\/a43.pt\/pt-pt\/wp-json\/wp\/v2\/types\/page"}],"author":[{"embeddable":true,"href":"https:\/\/a43.pt\/pt-pt\/wp-json\/wp\/v2\/users\/10"}],"replies":[{"embeddable":true,"href":"https:\/\/a43.pt\/pt-pt\/wp-json\/wp\/v2\/comments?post=6673"}],"version-history":[{"count":1,"href":"https:\/\/a43.pt\/pt-pt\/wp-json\/wp\/v2\/pages\/6673\/revisions"}],"predecessor-version":[{"id":6675,"href":"https:\/\/a43.pt\/pt-pt\/wp-json\/wp\/v2\/pages\/6673\/revisions\/6675"}],"wp:attachment":[{"href":"https:\/\/a43.pt\/pt-pt\/wp-json\/wp\/v2\/media?parent=6673"}],"curies":[{"name":"wp","href":"https:\/\/api.w.org\/{rel}","templated":true}]}}